{"id":24,"date":"2017-11-13T16:47:11","date_gmt":"2017-11-13T21:47:11","guid":{"rendered":"http:\/\/www.fleetfix.ca\/francais\/?page_id=24"},"modified":"2024-01-26T10:57:52","modified_gmt":"2024-01-26T15:57:52","slug":"services-de-reparation-de-remorques-de-camions","status":"publish","type":"page","link":"https:\/\/fleetfix.ca\/francais\/services-de-reparation-de-remorques-de-camions\/","title":{"rendered":"Services"},"content":{"rendered":"\n<div class=\"wp-block-columns is-layout-flex wp-container-core-columns-is-layout-1 wp-block-columns-is-layout-flex\">\n<div class=\"wp-block-column is-layout-flow wp-block-column-is-layout-flow\"><div class=\"wp-block-image\">\n<figure class=\"alignleft\"><a href=\"http:\/\/www.fleetfix.ca\/francais\/maintenance-des-poids-lourds\/\"><img loading=\"lazy\" decoding=\"async\" width=\"433\" height=\"342\" src=\"http:\/\/www.fleetfix.ca\/francais\/wp-content\/uploads\/2019\/07\/mechanical-fr.jpg\" alt=\"service mecanique\" class=\"wp-image-270\" srcset=\"https:\/\/fleetfix.ca\/francais\/wp-content\/uploads\/2019\/07\/mechanical-fr.jpg 433w, https:\/\/fleetfix.ca\/francais\/wp-content\/uploads\/2019\/07\/mechanical-fr-300x237.jpg 300w, https:\/\/fleetfix.ca\/francais\/wp-content\/uploads\/2019\/07\/mechanical-fr-100x79.jpg 100w, https:\/\/fleetfix.ca\/francais\/wp-content\/uploads\/2019\/07\/mechanical-fr-150x118.jpg 150w, https:\/\/fleetfix.ca\/francais\/wp-content\/uploads\/2019\/07\/mechanical-fr-200x158.jpg 200w\" sizes=\"auto, (max-width: 433px) 100vw, 433px\" \/><\/a><\/figure><\/div><\/div>\n\n\n\n<div class=\"wp-block-column is-layout-flow wp-block-column-is-layout-flow\"><div class=\"wp-block-image\">\n<figure class=\"alignleft\"><a href=\"http:\/\/www.fleetfix.ca\/francais\/service-de-pneu-de-camions-et-remorques\/\"><img loading=\"lazy\" decoding=\"async\" width=\"433\" height=\"342\" src=\"http:\/\/www.fleetfix.ca\/francais\/wp-content\/uploads\/2019\/07\/pneu-service.jpg\" alt=\"service pneu\" class=\"wp-image-269\" srcset=\"https:\/\/fleetfix.ca\/francais\/wp-content\/uploads\/2019\/07\/pneu-service.jpg 433w, https:\/\/fleetfix.ca\/francais\/wp-content\/uploads\/2019\/07\/pneu-service-300x237.jpg 300w, https:\/\/fleetfix.ca\/francais\/wp-content\/uploads\/2019\/07\/pneu-service-100x79.jpg 100w, https:\/\/fleetfix.ca\/francais\/wp-content\/uploads\/2019\/07\/pneu-service-150x118.jpg 150w, https:\/\/fleetfix.ca\/francais\/wp-content\/uploads\/2019\/07\/pneu-service-200x158.jpg 200w\" sizes=\"auto, (max-width: 433px) 100vw, 433px\" \/><\/a><\/figure><\/div><\/div>\n<\/div>\n\n\n\n<div class=\"wp-block-columns is-layout-flex wp-container-core-columns-is-layout-2 wp-block-columns-is-layout-flex\">\n<div class=\"wp-block-column is-layout-flow wp-block-column-is-layout-flow\"><div class=\"wp-block-image\">\n<figure class=\"alignleft\"><a href=\"http:\/\/www.fleetfix.ca\/francais\/reparation-de-camions-et-remorques-daccident\/\"><img loading=\"lazy\" decoding=\"async\" width=\"433\" height=\"342\" src=\"http:\/\/www.fleetfix.ca\/francais\/wp-content\/uploads\/2019\/07\/accidents-fr.jpg\" alt=\"service accidents\" class=\"wp-image-271\" srcset=\"https:\/\/fleetfix.ca\/francais\/wp-content\/uploads\/2019\/07\/accidents-fr.jpg 433w, https:\/\/fleetfix.ca\/francais\/wp-content\/uploads\/2019\/07\/accidents-fr-300x237.jpg 300w, https:\/\/fleetfix.ca\/francais\/wp-content\/uploads\/2019\/07\/accidents-fr-100x79.jpg 100w, https:\/\/fleetfix.ca\/francais\/wp-content\/uploads\/2019\/07\/accidents-fr-150x118.jpg 150w, https:\/\/fleetfix.ca\/francais\/wp-content\/uploads\/2019\/07\/accidents-fr-200x158.jpg 200w\" sizes=\"auto, (max-width: 433px) 100vw, 433px\" \/><\/a><\/figure><\/div><\/div>\n\n\n\n<div class=\"wp-block-column is-layout-flow wp-block-column-is-layout-flow\"><\/div>\n<\/div>\n","protected":false},"excerpt":{"rendered":"","protected":false},"author":1,"featured_media":0,"parent":0,"menu_order":0,"comment_status":"closed","ping_status":"closed","template":"","meta":{"footnotes":""},"class_list":["post-24","page","type-page","status-publish","hentry"],"yoast_head":"<!-- This site is optimized with the Yoast SEO plugin v24.7 - https:\/\/yoast.com\/wordpress\/plugins\/seo\/ -->\n<title>Le Service de r\u00e9paration de remorque de camion, guichet unique pour tous vos besoins<\/title>\n<meta name=\"description\" content=\"Le service de r\u00e9paration de remorque de camion offre des services mobiles, des services d\u2019urgence, des services de m\u00e9canique, de contr\u00f4le climatique, de pneus, d\u2019accident et de carrosserie.\" \/>\n<meta name=\"robots\" content=\"index, follow, max-snippet:-1, max-image-preview:large, max-video-preview:-1\" \/>\n<link rel=\"canonical\" href=\"https:\/\/fleetfix.ca\/francais\/services-de-reparation-de-remorques-de-camions\/\" \/>\n<meta property=\"og:locale\" content=\"fr_CA\" \/>\n<meta property=\"og:type\" content=\"article\" \/>\n<meta property=\"og:title\" content=\"Le Service de r\u00e9paration de remorque de camion, guichet unique pour tous vos besoins\" \/>\n<meta property=\"og:description\" content=\"Le service de r\u00e9paration de remorque de camion offre des services mobiles, des services d\u2019urgence, des services de m\u00e9canique, de contr\u00f4le climatique, de pneus, d\u2019accident et de carrosserie.\" \/>\n<meta property=\"og:url\" content=\"https:\/\/fleetfix.ca\/francais\/services-de-reparation-de-remorques-de-camions\/\" \/>\n<meta property=\"og:site_name\" content=\"R\u00e9paration de camions et remorques Montr\u00e9al mobile, m\u00e9canique\" \/>\n<meta property=\"article:publisher\" content=\"https:\/\/www.facebook.com\/trucktrailerrepairshop\/\" \/>\n<meta property=\"article:modified_time\" content=\"2024-01-26T15:57:52+00:00\" \/>\n<meta property=\"og:image\" content=\"http:\/\/www.fleetfix.ca\/francais\/wp-content\/uploads\/2019\/07\/mechanical-fr.jpg\" \/>\n<meta name=\"twitter:card\" content=\"summary_large_image\" \/>\n<meta name=\"twitter:label1\" content=\"Estimation du temps de lecture\" \/>\n\t<meta name=\"twitter:data1\" content=\"1 minute\" \/>\n<script type=\"application\/ld+json\" class=\"yoast-schema-graph\">{\"@context\":\"https:\/\/schema.org\",\"@graph\":[{\"@type\":\"WebPage\",\"@id\":\"https:\/\/fleetfix.ca\/francais\/services-de-reparation-de-remorques-de-camions\/\",\"url\":\"https:\/\/fleetfix.ca\/francais\/services-de-reparation-de-remorques-de-camions\/\",\"name\":\"Le Service de r\u00e9paration de remorque de camion, guichet unique pour tous vos besoins\",\"isPartOf\":{\"@id\":\"https:\/\/fleetfix.ca\/francais\/#website\"},\"primaryImageOfPage\":{\"@id\":\"https:\/\/fleetfix.ca\/francais\/services-de-reparation-de-remorques-de-camions\/#primaryimage\"},\"image\":{\"@id\":\"https:\/\/fleetfix.ca\/francais\/services-de-reparation-de-remorques-de-camions\/#primaryimage\"},\"thumbnailUrl\":\"http:\/\/www.fleetfix.ca\/francais\/wp-content\/uploads\/2019\/07\/mechanical-fr.jpg\",\"datePublished\":\"2017-11-13T21:47:11+00:00\",\"dateModified\":\"2024-01-26T15:57:52+00:00\",\"description\":\"Le service de r\u00e9paration de remorque de camion offre des services mobiles, des services d\u2019urgence, des services de m\u00e9canique, de contr\u00f4le climatique, de pneus, d\u2019accident et de carrosserie.\",\"breadcrumb\":{\"@id\":\"https:\/\/fleetfix.ca\/francais\/services-de-reparation-de-remorques-de-camions\/#breadcrumb\"},\"inLanguage\":\"fr-CA\",\"potentialAction\":[{\"@type\":\"ReadAction\",\"target\":[\"https:\/\/fleetfix.ca\/francais\/services-de-reparation-de-remorques-de-camions\/\"]}]},{\"@type\":\"ImageObject\",\"inLanguage\":\"fr-CA\",\"@id\":\"https:\/\/fleetfix.ca\/francais\/services-de-reparation-de-remorques-de-camions\/#primaryimage\",\"url\":\"http:\/\/www.fleetfix.ca\/francais\/wp-content\/uploads\/2019\/07\/mechanical-fr.jpg\",\"contentUrl\":\"http:\/\/www.fleetfix.ca\/francais\/wp-content\/uploads\/2019\/07\/mechanical-fr.jpg\"},{\"@type\":\"BreadcrumbList\",\"@id\":\"https:\/\/fleetfix.ca\/francais\/services-de-reparation-de-remorques-de-camions\/#breadcrumb\",\"itemListElement\":[{\"@type\":\"ListItem\",\"position\":1,\"name\":\"Home\",\"item\":\"https:\/\/fleetfix.ca\/francais\/\"},{\"@type\":\"ListItem\",\"position\":2,\"name\":\"Services\"}]},{\"@type\":\"WebSite\",\"@id\":\"https:\/\/fleetfix.ca\/francais\/#website\",\"url\":\"https:\/\/fleetfix.ca\/francais\/\",\"name\":\"R\u00e9paration de camions et remorques Montr\u00e9al mobile, m\u00e9canique\",\"description\":\"Pr\u00eat \u00e0 vous gardez roulemont !\",\"publisher\":{\"@id\":\"https:\/\/fleetfix.ca\/francais\/#organization\"},\"potentialAction\":[{\"@type\":\"SearchAction\",\"target\":{\"@type\":\"EntryPoint\",\"urlTemplate\":\"https:\/\/fleetfix.ca\/francais\/?s={search_term_string}\"},\"query-input\":{\"@type\":\"PropertyValueSpecification\",\"valueRequired\":true,\"valueName\":\"search_term_string\"}}],\"inLanguage\":\"fr-CA\"},{\"@type\":\"Organization\",\"@id\":\"https:\/\/fleetfix.ca\/francais\/#organization\",\"name\":\"FleetFIX Division de Greenmar\",\"url\":\"https:\/\/fleetfix.ca\/francais\/\",\"logo\":{\"@type\":\"ImageObject\",\"inLanguage\":\"fr-CA\",\"@id\":\"https:\/\/fleetfix.ca\/francais\/#\/schema\/logo\/image\/\",\"url\":\"http:\/\/www.fleetfix.ca\/francais\/wp-content\/uploads\/2017\/11\/cropped-fleetfix-30years-logo.png\",\"contentUrl\":\"http:\/\/www.fleetfix.ca\/francais\/wp-content\/uploads\/2017\/11\/cropped-fleetfix-30years-logo.png\",\"width\":414,\"height\":75,\"caption\":\"FleetFIX Division de Greenmar\"},\"image\":{\"@id\":\"https:\/\/fleetfix.ca\/francais\/#\/schema\/logo\/image\/\"},\"sameAs\":[\"https:\/\/www.facebook.com\/trucktrailerrepairshop\/\"]}]}<\/script>\n<!-- \/ Yoast SEO plugin. -->","yoast_head_json":{"title":"Le Service de r\u00e9paration de remorque de camion, guichet unique pour tous vos besoins","description":"Le service de r\u00e9paration de remorque de camion offre des services mobiles, des services d\u2019urgence, des services de m\u00e9canique, de contr\u00f4le climatique, de pneus, d\u2019accident et de carrosserie.","robots":{"index":"index","follow":"follow","max-snippet":"max-snippet:-1","max-image-preview":"max-image-preview:large","max-video-preview":"max-video-preview:-1"},"canonical":"https:\/\/fleetfix.ca\/francais\/services-de-reparation-de-remorques-de-camions\/","og_locale":"fr_CA","og_type":"article","og_title":"Le Service de r\u00e9paration de remorque de camion, guichet unique pour tous vos besoins","og_description":"Le service de r\u00e9paration de remorque de camion offre des services mobiles, des services d\u2019urgence, des services de m\u00e9canique, de contr\u00f4le climatique, de pneus, d\u2019accident et de carrosserie.","og_url":"https:\/\/fleetfix.ca\/francais\/services-de-reparation-de-remorques-de-camions\/","og_site_name":"R\u00e9paration de camions et remorques Montr\u00e9al mobile, m\u00e9canique","article_publisher":"https:\/\/www.facebook.com\/trucktrailerrepairshop\/","article_modified_time":"2024-01-26T15:57:52+00:00","og_image":[{"url":"http:\/\/www.fleetfix.ca\/francais\/wp-content\/uploads\/2019\/07\/mechanical-fr.jpg","type":"","width":"","height":""}],"twitter_card":"summary_large_image","twitter_misc":{"Estimation du temps de lecture":"1 minute"},"schema":{"@context":"https:\/\/schema.org","@graph":[{"@type":"WebPage","@id":"https:\/\/fleetfix.ca\/francais\/services-de-reparation-de-remorques-de-camions\/","url":"https:\/\/fleetfix.ca\/francais\/services-de-reparation-de-remorques-de-camions\/","name":"Le Service de r\u00e9paration de remorque de camion, guichet unique pour tous vos besoins","isPartOf":{"@id":"https:\/\/fleetfix.ca\/francais\/#website"},"primaryImageOfPage":{"@id":"https:\/\/fleetfix.ca\/francais\/services-de-reparation-de-remorques-de-camions\/#primaryimage"},"image":{"@id":"https:\/\/fleetfix.ca\/francais\/services-de-reparation-de-remorques-de-camions\/#primaryimage"},"thumbnailUrl":"http:\/\/www.fleetfix.ca\/francais\/wp-content\/uploads\/2019\/07\/mechanical-fr.jpg","datePublished":"2017-11-13T21:47:11+00:00","dateModified":"2024-01-26T15:57:52+00:00","description":"Le service de r\u00e9paration de remorque de camion offre des services mobiles, des services d\u2019urgence, des services de m\u00e9canique, de contr\u00f4le climatique, de pneus, d\u2019accident et de carrosserie.","breadcrumb":{"@id":"https:\/\/fleetfix.ca\/francais\/services-de-reparation-de-remorques-de-camions\/#breadcrumb"},"inLanguage":"fr-CA","potentialAction":[{"@type":"ReadAction","target":["https:\/\/fleetfix.ca\/francais\/services-de-reparation-de-remorques-de-camions\/"]}]},{"@type":"ImageObject","inLanguage":"fr-CA","@id":"https:\/\/fleetfix.ca\/francais\/services-de-reparation-de-remorques-de-camions\/#primaryimage","url":"http:\/\/www.fleetfix.ca\/francais\/wp-content\/uploads\/2019\/07\/mechanical-fr.jpg","contentUrl":"http:\/\/www.fleetfix.ca\/francais\/wp-content\/uploads\/2019\/07\/mechanical-fr.jpg"},{"@type":"BreadcrumbList","@id":"https:\/\/fleetfix.ca\/francais\/services-de-reparation-de-remorques-de-camions\/#breadcrumb","itemListElement":[{"@type":"ListItem","position":1,"name":"Home","item":"https:\/\/fleetfix.ca\/francais\/"},{"@type":"ListItem","position":2,"name":"Services"}]},{"@type":"WebSite","@id":"https:\/\/fleetfix.ca\/francais\/#website","url":"https:\/\/fleetfix.ca\/francais\/","name":"R\u00e9paration de camions et remorques Montr\u00e9al mobile, m\u00e9canique","description":"Pr\u00eat \u00e0 vous gardez roulemont !","publisher":{"@id":"https:\/\/fleetfix.ca\/francais\/#organization"},"potentialAction":[{"@type":"SearchAction","target":{"@type":"EntryPoint","urlTemplate":"https:\/\/fleetfix.ca\/francais\/?s={search_term_string}"},"query-input":{"@type":"PropertyValueSpecification","valueRequired":true,"valueName":"search_term_string"}}],"inLanguage":"fr-CA"},{"@type":"Organization","@id":"https:\/\/fleetfix.ca\/francais\/#organization","name":"FleetFIX Division de Greenmar","url":"https:\/\/fleetfix.ca\/francais\/","logo":{"@type":"ImageObject","inLanguage":"fr-CA","@id":"https:\/\/fleetfix.ca\/francais\/#\/schema\/logo\/image\/","url":"http:\/\/www.fleetfix.ca\/francais\/wp-content\/uploads\/2017\/11\/cropped-fleetfix-30years-logo.png","contentUrl":"http:\/\/www.fleetfix.ca\/francais\/wp-content\/uploads\/2017\/11\/cropped-fleetfix-30years-logo.png","width":414,"height":75,"caption":"FleetFIX Division de Greenmar"},"image":{"@id":"https:\/\/fleetfix.ca\/francais\/#\/schema\/logo\/image\/"},"sameAs":["https:\/\/www.facebook.com\/trucktrailerrepairshop\/"]}]}},"_links":{"self":[{"href":"https:\/\/fleetfix.ca\/francais\/wp-json\/wp\/v2\/pages\/24","targetHints":{"allow":["GET"]}}],"collection":[{"href":"https:\/\/fleetfix.ca\/francais\/wp-json\/wp\/v2\/pages"}],"about":[{"href":"https:\/\/fleetfix.ca\/francais\/wp-json\/wp\/v2\/types\/page"}],"author":[{"embeddable":true,"href":"https:\/\/fleetfix.ca\/francais\/wp-json\/wp\/v2\/users\/1"}],"replies":[{"embeddable":true,"href":"https:\/\/fleetfix.ca\/francais\/wp-json\/wp\/v2\/comments?post=24"}],"version-history":[{"count":18,"href":"https:\/\/fleetfix.ca\/francais\/wp-json\/wp\/v2\/pages\/24\/revisions"}],"predecessor-version":[{"id":323,"href":"https:\/\/fleetfix.ca\/francais\/wp-json\/wp\/v2\/pages\/24\/revisions\/323"}],"wp:attachment":[{"href":"https:\/\/fleetfix.ca\/francais\/wp-json\/wp\/v2\/media?parent=24"}],"curies":[{"name":"wp","href":"https:\/\/api.w.org\/{rel}","templated":true}]}}