{"id":26,"date":"2017-11-13T16:47:37","date_gmt":"2017-11-13T21:47:37","guid":{"rendered":"http:\/\/www.fleetfix.ca\/francais\/?page_id=26"},"modified":"2024-01-29T11:02:46","modified_gmt":"2024-01-29T16:02:46","slug":"service-routier-durgence-semi-camion","status":"publish","type":"page","link":"https:\/\/fleetfix.ca\/francais\/service-routier-durgence-semi-camion\/","title":{"rendered":"Service d\u2019assistance routi\u00e8re"},"content":{"rendered":"<div class=\"post-entry\">\n<div class=\"contentMedium\">\n<div class=\"content3Column gap\">\n<h1>Service d\u2019assistance routi\u00e8re pour semi-remorque<\/h1>\n<h2>Service de m\u00e9canique et d\u2019assistance routi\u00e8re<\/h2>\n<ul>\n<li><a href=\"http:\/\/www.fleetfix.ca\/francais\/service-de-depannage-mobile\/\">Services d\u2019assistance routi\u00e8re<\/a> d\u2019urgence pour semi-remorques pour toutes les pannes dans la <a href=\"https:\/\/www.google.com\/maps\/@45.46591,-73.657837,10z?hl=en-US\" target=\"_blank\" rel=\"noopener noreferrer\">grande r\u00e9gion de Montr\u00e9al<\/a>.<\/li>\n<li>Service de remorquage disponible en cas de panne majeure.<\/li>\n<\/ul>\n<p><em><img loading=\"lazy\" decoding=\"async\" class=\"alignnone size-full wp-image-161\" src=\"http:\/\/www.fleetfix.ca\/francais\/wp-content\/uploads\/2017\/12\/emergency_collage.jpg\" alt=\"Service routier d'urgence semi-camion image\" width=\"873\" height=\"335\" srcset=\"https:\/\/fleetfix.ca\/francais\/wp-content\/uploads\/2017\/12\/emergency_collage.jpg 873w, https:\/\/fleetfix.ca\/francais\/wp-content\/uploads\/2017\/12\/emergency_collage-300x115.jpg 300w, https:\/\/fleetfix.ca\/francais\/wp-content\/uploads\/2017\/12\/emergency_collage-768x295.jpg 768w, https:\/\/fleetfix.ca\/francais\/wp-content\/uploads\/2017\/12\/emergency_collage-100x38.jpg 100w, https:\/\/fleetfix.ca\/francais\/wp-content\/uploads\/2017\/12\/emergency_collage-150x58.jpg 150w, https:\/\/fleetfix.ca\/francais\/wp-content\/uploads\/2017\/12\/emergency_collage-200x77.jpg 200w, https:\/\/fleetfix.ca\/francais\/wp-content\/uploads\/2017\/12\/emergency_collage-450x173.jpg 450w, https:\/\/fleetfix.ca\/francais\/wp-content\/uploads\/2017\/12\/emergency_collage-600x230.jpg 600w\" sizes=\"auto, (max-width: 873px) 100vw, 873px\" \/><\/em><\/p>\n<\/div>\n<div class=\"content3Column gap\">\n<h3>Service d\u2019assistance routi\u00e8re d\u2019urgence<\/h3>\n<ul>\n<li>En cas de bris d\u2019\u00e9quipement ou d\u2019immobilisation pour quelque raison que ce soit, notre \u00e9quipe de service d\u2019urgence hautement form\u00e9e prendra soin de vous sans d\u00e9lai et selon vos exigences.<\/li>\n<li>Notre entreprise se consacre \u00e0 offrir des services de r\u00e9parations de qualit\u00e9, fiables et complets et un <a href=\"http:\/\/www.fleetfix.ca\/francais\/service-de-pneu-de-camions-et-remorques\/\">service de pneus pour tous les camions, toutes les remorques<\/a>\u00a0dans l\u2019ensemble de la <a href=\"https:\/\/www.google.com\/maps\/@45.46591,-73.657837,10z?hl=en-US\" target=\"_blank\" rel=\"noopener noreferrer\">r\u00e9gion montr\u00e9alaise<\/a>.<\/li>\n<li>Nos services comprennent les r\u00e9parations de camion, de remorque, de pneus ou de remplacement de pneus, le remorquage et la r\u00e9paration d\u2019unit\u00e9s r\u00e9frig\u00e9r\u00e9es et chauffantes.<\/li>\n<li>Notre \u00e9quipe de sp\u00e9cialistes du sauvetage est sp\u00e9cialement form\u00e9e et \u00e9quip\u00e9e pour d\u00e9terminer avec pr\u00e9cision le service qui vous convient le mieux.<\/li>\n<\/ul>\n<\/div>\n<div class=\"content3Column\">\n<h3>Urgence pneus<\/h3>\n<p>Nous r\u00e9pondrons \u00e0 tous les appels concernant les pneus avec notre inventaire de pneus en stock, vos pneus de rechange ou notre compte national d\u2019achat de pneus neufs.<\/p>\n<\/div>\n<\/div>\n<\/div>\n","protected":false},"excerpt":{"rendered":"<p>Service d\u2019assistance routi\u00e8re pour semi-remorque Service de m\u00e9canique et d\u2019assistance routi\u00e8re Services d\u2019assistance routi\u00e8re d\u2019urgence pour semi-remorques pour toutes les pannes dans la grande r\u00e9gion de Montr\u00e9al. Service de remorquage disponible en cas de panne majeure. Service d\u2019assistance routi\u00e8re d\u2019urgence &hellip;<\/p>\n<p class=\"read-more\"> <a class=\"more-link\" href=\"https:\/\/fleetfix.ca\/francais\/service-routier-durgence-semi-camion\/\"> <span class=\"screen-reader-text\">Service d\u2019assistance routi\u00e8re<\/span> En savoir plus &raquo;<\/a><\/p>\n","protected":false},"author":1,"featured_media":0,"parent":0,"menu_order":0,"comment_status":"closed","ping_status":"closed","template":"","meta":{"footnotes":""},"class_list":["post-26","page","type-page","status-publish","hentry"],"yoast_head":"<!-- This site is optimized with the Yoast SEO plugin v24.7 - https:\/\/yoast.com\/wordpress\/plugins\/seo\/ -->\n<title>Service de d\u00e9pannage d\u2019urgence pour semi-remorque \u00e0 Montr\u00e9al<\/title>\n<meta name=\"description\" content=\"Service de d\u00e9pannage d\u2019urgence et d\u2019urgence pneus pour semi-remorque. Montr\u00e9al, West Island, Laval, garage pour r\u00e9paration sur autoroute, service de d\u00e9pannage d\u2019urgence.\" \/>\n<meta name=\"robots\" content=\"index, follow, max-snippet:-1, max-image-preview:large, max-video-preview:-1\" \/>\n<link rel=\"canonical\" href=\"https:\/\/fleetfix.ca\/francais\/service-routier-durgence-semi-camion\/\" \/>\n<meta property=\"og:locale\" content=\"fr_CA\" \/>\n<meta property=\"og:type\" content=\"article\" \/>\n<meta property=\"og:title\" content=\"Service de d\u00e9pannage d\u2019urgence pour semi-remorque \u00e0 Montr\u00e9al\" \/>\n<meta property=\"og:description\" content=\"Service de d\u00e9pannage d\u2019urgence et d\u2019urgence pneus pour semi-remorque. Montr\u00e9al, West Island, Laval, garage pour r\u00e9paration sur autoroute, service de d\u00e9pannage d\u2019urgence.\" \/>\n<meta property=\"og:url\" content=\"https:\/\/fleetfix.ca\/francais\/service-routier-durgence-semi-camion\/\" \/>\n<meta property=\"og:site_name\" content=\"R\u00e9paration de camions et remorques Montr\u00e9al mobile, m\u00e9canique\" \/>\n<meta property=\"article:publisher\" content=\"https:\/\/www.facebook.com\/trucktrailerrepairshop\/\" \/>\n<meta property=\"article:modified_time\" content=\"2024-01-29T16:02:46+00:00\" \/>\n<meta property=\"og:image\" content=\"http:\/\/www.fleetfix.ca\/francais\/wp-content\/uploads\/2017\/12\/emergency_collage.jpg\" \/>\n<meta name=\"twitter:card\" content=\"summary_large_image\" \/>\n<meta name=\"twitter:label1\" content=\"Estimation du temps de lecture\" \/>\n\t<meta name=\"twitter:data1\" content=\"2 minutes\" \/>\n<script type=\"application\/ld+json\" class=\"yoast-schema-graph\">{\"@context\":\"https:\/\/schema.org\",\"@graph\":[{\"@type\":\"WebPage\",\"@id\":\"https:\/\/fleetfix.ca\/francais\/service-routier-durgence-semi-camion\/\",\"url\":\"https:\/\/fleetfix.ca\/francais\/service-routier-durgence-semi-camion\/\",\"name\":\"Service de d\u00e9pannage d\u2019urgence pour semi-remorque \u00e0 Montr\u00e9al\",\"isPartOf\":{\"@id\":\"https:\/\/fleetfix.ca\/francais\/#website\"},\"primaryImageOfPage\":{\"@id\":\"https:\/\/fleetfix.ca\/francais\/service-routier-durgence-semi-camion\/#primaryimage\"},\"image\":{\"@id\":\"https:\/\/fleetfix.ca\/francais\/service-routier-durgence-semi-camion\/#primaryimage\"},\"thumbnailUrl\":\"http:\/\/www.fleetfix.ca\/francais\/wp-content\/uploads\/2017\/12\/emergency_collage.jpg\",\"datePublished\":\"2017-11-13T21:47:37+00:00\",\"dateModified\":\"2024-01-29T16:02:46+00:00\",\"description\":\"Service de d\u00e9pannage d\u2019urgence et d\u2019urgence pneus pour semi-remorque. Montr\u00e9al, West Island, Laval, garage pour r\u00e9paration sur autoroute, service de d\u00e9pannage d\u2019urgence.\",\"breadcrumb\":{\"@id\":\"https:\/\/fleetfix.ca\/francais\/service-routier-durgence-semi-camion\/#breadcrumb\"},\"inLanguage\":\"fr-CA\",\"potentialAction\":[{\"@type\":\"ReadAction\",\"target\":[\"https:\/\/fleetfix.ca\/francais\/service-routier-durgence-semi-camion\/\"]}]},{\"@type\":\"ImageObject\",\"inLanguage\":\"fr-CA\",\"@id\":\"https:\/\/fleetfix.ca\/francais\/service-routier-durgence-semi-camion\/#primaryimage\",\"url\":\"http:\/\/www.fleetfix.ca\/francais\/wp-content\/uploads\/2017\/12\/emergency_collage.jpg\",\"contentUrl\":\"http:\/\/www.fleetfix.ca\/francais\/wp-content\/uploads\/2017\/12\/emergency_collage.jpg\"},{\"@type\":\"BreadcrumbList\",\"@id\":\"https:\/\/fleetfix.ca\/francais\/service-routier-durgence-semi-camion\/#breadcrumb\",\"itemListElement\":[{\"@type\":\"ListItem\",\"position\":1,\"name\":\"Home\",\"item\":\"https:\/\/fleetfix.ca\/francais\/\"},{\"@type\":\"ListItem\",\"position\":2,\"name\":\"Service d\u2019assistance routi\u00e8re\"}]},{\"@type\":\"WebSite\",\"@id\":\"https:\/\/fleetfix.ca\/francais\/#website\",\"url\":\"https:\/\/fleetfix.ca\/francais\/\",\"name\":\"R\u00e9paration de camions et remorques Montr\u00e9al mobile, m\u00e9canique\",\"description\":\"Pr\u00eat \u00e0 vous gardez roulemont !\",\"publisher\":{\"@id\":\"https:\/\/fleetfix.ca\/francais\/#organization\"},\"potentialAction\":[{\"@type\":\"SearchAction\",\"target\":{\"@type\":\"EntryPoint\",\"urlTemplate\":\"https:\/\/fleetfix.ca\/francais\/?s={search_term_string}\"},\"query-input\":{\"@type\":\"PropertyValueSpecification\",\"valueRequired\":true,\"valueName\":\"search_term_string\"}}],\"inLanguage\":\"fr-CA\"},{\"@type\":\"Organization\",\"@id\":\"https:\/\/fleetfix.ca\/francais\/#organization\",\"name\":\"FleetFIX Division de Greenmar\",\"url\":\"https:\/\/fleetfix.ca\/francais\/\",\"logo\":{\"@type\":\"ImageObject\",\"inLanguage\":\"fr-CA\",\"@id\":\"https:\/\/fleetfix.ca\/francais\/#\/schema\/logo\/image\/\",\"url\":\"http:\/\/www.fleetfix.ca\/francais\/wp-content\/uploads\/2017\/11\/cropped-fleetfix-30years-logo.png\",\"contentUrl\":\"http:\/\/www.fleetfix.ca\/francais\/wp-content\/uploads\/2017\/11\/cropped-fleetfix-30years-logo.png\",\"width\":414,\"height\":75,\"caption\":\"FleetFIX Division de Greenmar\"},\"image\":{\"@id\":\"https:\/\/fleetfix.ca\/francais\/#\/schema\/logo\/image\/\"},\"sameAs\":[\"https:\/\/www.facebook.com\/trucktrailerrepairshop\/\"]}]}<\/script>\n<!-- \/ Yoast SEO plugin. -->","yoast_head_json":{"title":"Service de d\u00e9pannage d\u2019urgence pour semi-remorque \u00e0 Montr\u00e9al","description":"Service de d\u00e9pannage d\u2019urgence et d\u2019urgence pneus pour semi-remorque. Montr\u00e9al, West Island, Laval, garage pour r\u00e9paration sur autoroute, service de d\u00e9pannage d\u2019urgence.","robots":{"index":"index","follow":"follow","max-snippet":"max-snippet:-1","max-image-preview":"max-image-preview:large","max-video-preview":"max-video-preview:-1"},"canonical":"https:\/\/fleetfix.ca\/francais\/service-routier-durgence-semi-camion\/","og_locale":"fr_CA","og_type":"article","og_title":"Service de d\u00e9pannage d\u2019urgence pour semi-remorque \u00e0 Montr\u00e9al","og_description":"Service de d\u00e9pannage d\u2019urgence et d\u2019urgence pneus pour semi-remorque. Montr\u00e9al, West Island, Laval, garage pour r\u00e9paration sur autoroute, service de d\u00e9pannage d\u2019urgence.","og_url":"https:\/\/fleetfix.ca\/francais\/service-routier-durgence-semi-camion\/","og_site_name":"R\u00e9paration de camions et remorques Montr\u00e9al mobile, m\u00e9canique","article_publisher":"https:\/\/www.facebook.com\/trucktrailerrepairshop\/","article_modified_time":"2024-01-29T16:02:46+00:00","og_image":[{"url":"http:\/\/www.fleetfix.ca\/francais\/wp-content\/uploads\/2017\/12\/emergency_collage.jpg","type":"","width":"","height":""}],"twitter_card":"summary_large_image","twitter_misc":{"Estimation du temps de lecture":"2 minutes"},"schema":{"@context":"https:\/\/schema.org","@graph":[{"@type":"WebPage","@id":"https:\/\/fleetfix.ca\/francais\/service-routier-durgence-semi-camion\/","url":"https:\/\/fleetfix.ca\/francais\/service-routier-durgence-semi-camion\/","name":"Service de d\u00e9pannage d\u2019urgence pour semi-remorque \u00e0 Montr\u00e9al","isPartOf":{"@id":"https:\/\/fleetfix.ca\/francais\/#website"},"primaryImageOfPage":{"@id":"https:\/\/fleetfix.ca\/francais\/service-routier-durgence-semi-camion\/#primaryimage"},"image":{"@id":"https:\/\/fleetfix.ca\/francais\/service-routier-durgence-semi-camion\/#primaryimage"},"thumbnailUrl":"http:\/\/www.fleetfix.ca\/francais\/wp-content\/uploads\/2017\/12\/emergency_collage.jpg","datePublished":"2017-11-13T21:47:37+00:00","dateModified":"2024-01-29T16:02:46+00:00","description":"Service de d\u00e9pannage d\u2019urgence et d\u2019urgence pneus pour semi-remorque. Montr\u00e9al, West Island, Laval, garage pour r\u00e9paration sur autoroute, service de d\u00e9pannage d\u2019urgence.","breadcrumb":{"@id":"https:\/\/fleetfix.ca\/francais\/service-routier-durgence-semi-camion\/#breadcrumb"},"inLanguage":"fr-CA","potentialAction":[{"@type":"ReadAction","target":["https:\/\/fleetfix.ca\/francais\/service-routier-durgence-semi-camion\/"]}]},{"@type":"ImageObject","inLanguage":"fr-CA","@id":"https:\/\/fleetfix.ca\/francais\/service-routier-durgence-semi-camion\/#primaryimage","url":"http:\/\/www.fleetfix.ca\/francais\/wp-content\/uploads\/2017\/12\/emergency_collage.jpg","contentUrl":"http:\/\/www.fleetfix.ca\/francais\/wp-content\/uploads\/2017\/12\/emergency_collage.jpg"},{"@type":"BreadcrumbList","@id":"https:\/\/fleetfix.ca\/francais\/service-routier-durgence-semi-camion\/#breadcrumb","itemListElement":[{"@type":"ListItem","position":1,"name":"Home","item":"https:\/\/fleetfix.ca\/francais\/"},{"@type":"ListItem","position":2,"name":"Service d\u2019assistance routi\u00e8re"}]},{"@type":"WebSite","@id":"https:\/\/fleetfix.ca\/francais\/#website","url":"https:\/\/fleetfix.ca\/francais\/","name":"R\u00e9paration de camions et remorques Montr\u00e9al mobile, m\u00e9canique","description":"Pr\u00eat \u00e0 vous gardez roulemont !","publisher":{"@id":"https:\/\/fleetfix.ca\/francais\/#organization"},"potentialAction":[{"@type":"SearchAction","target":{"@type":"EntryPoint","urlTemplate":"https:\/\/fleetfix.ca\/francais\/?s={search_term_string}"},"query-input":{"@type":"PropertyValueSpecification","valueRequired":true,"valueName":"search_term_string"}}],"inLanguage":"fr-CA"},{"@type":"Organization","@id":"https:\/\/fleetfix.ca\/francais\/#organization","name":"FleetFIX Division de Greenmar","url":"https:\/\/fleetfix.ca\/francais\/","logo":{"@type":"ImageObject","inLanguage":"fr-CA","@id":"https:\/\/fleetfix.ca\/francais\/#\/schema\/logo\/image\/","url":"http:\/\/www.fleetfix.ca\/francais\/wp-content\/uploads\/2017\/11\/cropped-fleetfix-30years-logo.png","contentUrl":"http:\/\/www.fleetfix.ca\/francais\/wp-content\/uploads\/2017\/11\/cropped-fleetfix-30years-logo.png","width":414,"height":75,"caption":"FleetFIX Division de Greenmar"},"image":{"@id":"https:\/\/fleetfix.ca\/francais\/#\/schema\/logo\/image\/"},"sameAs":["https:\/\/www.facebook.com\/trucktrailerrepairshop\/"]}]}},"_links":{"self":[{"href":"https:\/\/fleetfix.ca\/francais\/wp-json\/wp\/v2\/pages\/26","targetHints":{"allow":["GET"]}}],"collection":[{"href":"https:\/\/fleetfix.ca\/francais\/wp-json\/wp\/v2\/pages"}],"about":[{"href":"https:\/\/fleetfix.ca\/francais\/wp-json\/wp\/v2\/types\/page"}],"author":[{"embeddable":true,"href":"https:\/\/fleetfix.ca\/francais\/wp-json\/wp\/v2\/users\/1"}],"replies":[{"embeddable":true,"href":"https:\/\/fleetfix.ca\/francais\/wp-json\/wp\/v2\/comments?post=26"}],"version-history":[{"count":7,"href":"https:\/\/fleetfix.ca\/francais\/wp-json\/wp\/v2\/pages\/26\/revisions"}],"predecessor-version":[{"id":325,"href":"https:\/\/fleetfix.ca\/francais\/wp-json\/wp\/v2\/pages\/26\/revisions\/325"}],"wp:attachment":[{"href":"https:\/\/fleetfix.ca\/francais\/wp-json\/wp\/v2\/media?parent=26"}],"curies":[{"name":"wp","href":"https:\/\/api.w.org\/{rel}","templated":true}]}}