{"id":28,"date":"2017-11-13T16:47:58","date_gmt":"2017-11-13T21:47:58","guid":{"rendered":"http:\/\/www.fleetfix.ca\/francais\/?page_id=28"},"modified":"2019-07-31T10:36:27","modified_gmt":"2019-07-31T14:36:27","slug":"secteur-de-service","status":"publish","type":"page","link":"https:\/\/fleetfix.ca\/francais\/secteur-de-service\/","title":{"rendered":"Aire de service"},"content":{"rendered":"<div id=\"content\" class=\"grid col-620\" role=\"main\">\n<div id=\"post-99\" class=\"post-99 page type-page status-publish hentry\">\n<div class=\"post-entry\">\n<div id=\"content\">\n<div class=\"contentHalfLeft\">\n<div id=\"content\">\n<div class=\"contentHalfRight\">\n<div class=\"contentHalfRightContent\">\n<div>\n<h2><a href=\"http:\/\/www.fleetfix.ca\/francais\/contact-service-routier-mobile\/\">Aire de service<\/a> pour camion lourd \u00e0 Montr\u00e9al<\/h2>\n<\/div>\n<div><iframe loading=\"lazy\" src=\"https:\/\/maps.google.ca\/?ie=UTF8&amp;t=m&amp;ll=45.46591,-73.657837&amp;spn=0.288941,0.411987&amp;z=10&amp;output=embed\" width=\"300\" height=\"300\" frameborder=\"0\" marginwidth=\"0\" marginheight=\"0\" scrolling=\"no\" data-mce-fragment=\"1\"><\/iframe><br \/>\n<small><a href=\"https:\/\/maps.google.ca\/?ll=45.503459,-73.67981&amp;spn=0.213914,0.416107&amp;t=m&amp;z=12\" target=\"_blank\" rel=\"noopener noreferrer\">Agrandir le plan<\/a><\/small><\/div>\n<\/div>\n<\/div>\n<div class=\"contentHalfLeft\">\n<h2><a name=\"anchor1\"><\/a><\/h2>\n<h2><span id=\"result_box\" class=\"short_text\" lang=\"fr\"><span class=\"\">Secteur de service <\/span><\/span><a id=\"anchor1\" name=\"anchor1\"><\/a>Montr\u00e9al<\/h2>\n<p><iframe loading=\"lazy\" src=\"https:\/\/maps.google.ca\/?ie=UTF8&amp;t=m&amp;ll=45.548679,-73.5466&amp;spn=0.288516,0.411987&amp;z=10&amp;output=embed\" width=\"300\" height=\"300\" frameborder=\"0\" marginwidth=\"0\" marginheight=\"0\" scrolling=\"no\" data-mce-fragment=\"1\"><\/iframe><br \/>\n<small><a href=\"https:\/\/maps.google.ca\/?ll=45.543389,-73.596039&amp;spn=0.423197,0.86586&amp;t=m&amp;z=11\">Agrandir le plan<\/a><\/small><\/p>\n<h2><a name=\"anchor2\"><\/a><\/h2>\n<h2><span id=\"result_box\" class=\"short_text\" lang=\"fr\"><span class=\"\">Secteur de service <\/span><\/span><a id=\"anchor2\" name=\"anchor2\"><\/a>West Island<\/h2>\n<p><iframe loading=\"lazy\" src=\"https:\/\/maps.google.ca\/?ie=UTF8&amp;t=m&amp;ll=45.457241,-73.666077&amp;spn=0.144492,0.205994&amp;z=11&amp;output=embed\" width=\"300\" height=\"300\" frameborder=\"0\" marginwidth=\"0\" marginheight=\"0\" scrolling=\"no\" data-mce-fragment=\"1\"><\/iframe><br \/>\n<small><a href=\"https:\/\/maps.google.ca\/?ll=45.456639,-73.676205&amp;spn=0.105962,0.216465&amp;t=m&amp;z=13\" target=\"_blank\" rel=\"noopener noreferrer\">Agrandir le plan<\/a><\/small><\/p>\n<h2><a name=\"anchor3\"><\/a><\/h2>\n<h2><span id=\"result_box\" class=\"short_text\" lang=\"fr\"><span class=\"\">Secteur de service <\/span><\/span><a id=\"anchor3\" name=\"anchor3\"><\/a>Laval<\/h2>\n<p><iframe loading=\"lazy\" src=\"https:\/\/maps.google.ca\/?ie=UTF8&amp;t=m&amp;ll=45.596744,-73.734741&amp;spn=0.288269,0.411987&amp;z=10&amp;output=embed\" width=\"300\" height=\"300\" frameborder=\"0\" marginwidth=\"0\" marginheight=\"0\" scrolling=\"no\" data-mce-fragment=\"1\"><\/iframe><br \/>\n<small><a href=\"https:\/\/maps.google.ca\/?ll=45.598906,-73.714657&amp;spn=0.105695,0.214748&amp;t=m&amp;z=13\" target=\"_blank\" rel=\"noopener noreferrer\">Agrandir le plan<\/a><\/small><\/p>\n<\/div>\n<div class=\"clearBoth\"><\/div>\n<\/div>\n<\/div>\n<\/div>\n<\/div>\n<\/div>\n<\/div>\n","protected":false},"excerpt":{"rendered":"<p>Aire de service pour camion lourd \u00e0 Montr\u00e9al Agrandir le plan Secteur de service Montr\u00e9al Agrandir le plan Secteur de service West Island Agrandir le plan Secteur de service Laval Agrandir le plan<\/p>\n","protected":false},"author":1,"featured_media":0,"parent":0,"menu_order":0,"comment_status":"closed","ping_status":"closed","template":"","meta":{"footnotes":""},"class_list":["post-28","page","type-page","status-publish","hentry"],"yoast_head":"<!-- This site is optimized with the Yoast SEO plugin v24.7 - https:\/\/yoast.com\/wordpress\/plugins\/seo\/ -->\n<title>Aire de service pour camion lourd \u00e0 Montr\u00e9al, garage, Laval, West Island<\/title>\n<meta name=\"description\" content=\"Aire de service et atelier pour camion lourd \u00e0 Montr\u00e9al, sp\u00e9cialis\u00e9 dans les services mobiles d\u2019assistance routi\u00e8re de r\u00e9paration de carrosserie et de m\u00e9canique, de pneus et d\u2019unit\u00e9s de contr\u00f4le climatique.\" \/>\n<meta name=\"robots\" content=\"index, follow, max-snippet:-1, max-image-preview:large, max-video-preview:-1\" \/>\n<link rel=\"canonical\" href=\"https:\/\/fleetfix.ca\/francais\/secteur-de-service\/\" \/>\n<meta property=\"og:locale\" content=\"fr_CA\" \/>\n<meta property=\"og:type\" content=\"article\" \/>\n<meta property=\"og:title\" content=\"Aire de service pour camion lourd \u00e0 Montr\u00e9al, garage, Laval, West Island\" \/>\n<meta property=\"og:description\" content=\"Aire de service et atelier pour camion lourd \u00e0 Montr\u00e9al, sp\u00e9cialis\u00e9 dans les services mobiles d\u2019assistance routi\u00e8re de r\u00e9paration de carrosserie et de m\u00e9canique, de pneus et d\u2019unit\u00e9s de contr\u00f4le climatique.\" \/>\n<meta property=\"og:url\" content=\"https:\/\/fleetfix.ca\/francais\/secteur-de-service\/\" \/>\n<meta property=\"og:site_name\" content=\"R\u00e9paration de camions et remorques Montr\u00e9al mobile, m\u00e9canique\" \/>\n<meta property=\"article:publisher\" content=\"https:\/\/www.facebook.com\/trucktrailerrepairshop\/\" \/>\n<meta property=\"article:modified_time\" content=\"2019-07-31T14:36:27+00:00\" \/>\n<meta name=\"twitter:card\" content=\"summary_large_image\" \/>\n<script type=\"application\/ld+json\" class=\"yoast-schema-graph\">{\"@context\":\"https:\/\/schema.org\",\"@graph\":[{\"@type\":\"WebPage\",\"@id\":\"https:\/\/fleetfix.ca\/francais\/secteur-de-service\/\",\"url\":\"https:\/\/fleetfix.ca\/francais\/secteur-de-service\/\",\"name\":\"Aire de service pour camion lourd \u00e0 Montr\u00e9al, garage, Laval, West Island\",\"isPartOf\":{\"@id\":\"https:\/\/fleetfix.ca\/francais\/#website\"},\"datePublished\":\"2017-11-13T21:47:58+00:00\",\"dateModified\":\"2019-07-31T14:36:27+00:00\",\"description\":\"Aire de service et atelier pour camion lourd \u00e0 Montr\u00e9al, sp\u00e9cialis\u00e9 dans les services mobiles d\u2019assistance routi\u00e8re de r\u00e9paration de carrosserie et de m\u00e9canique, de pneus et d\u2019unit\u00e9s de contr\u00f4le climatique.\",\"breadcrumb\":{\"@id\":\"https:\/\/fleetfix.ca\/francais\/secteur-de-service\/#breadcrumb\"},\"inLanguage\":\"fr-CA\",\"potentialAction\":[{\"@type\":\"ReadAction\",\"target\":[\"https:\/\/fleetfix.ca\/francais\/secteur-de-service\/\"]}]},{\"@type\":\"BreadcrumbList\",\"@id\":\"https:\/\/fleetfix.ca\/francais\/secteur-de-service\/#breadcrumb\",\"itemListElement\":[{\"@type\":\"ListItem\",\"position\":1,\"name\":\"Home\",\"item\":\"https:\/\/fleetfix.ca\/francais\/\"},{\"@type\":\"ListItem\",\"position\":2,\"name\":\"Aire de service\"}]},{\"@type\":\"WebSite\",\"@id\":\"https:\/\/fleetfix.ca\/francais\/#website\",\"url\":\"https:\/\/fleetfix.ca\/francais\/\",\"name\":\"R\u00e9paration de camions et remorques Montr\u00e9al mobile, m\u00e9canique\",\"description\":\"Pr\u00eat \u00e0 vous gardez roulemont !\",\"publisher\":{\"@id\":\"https:\/\/fleetfix.ca\/francais\/#organization\"},\"potentialAction\":[{\"@type\":\"SearchAction\",\"target\":{\"@type\":\"EntryPoint\",\"urlTemplate\":\"https:\/\/fleetfix.ca\/francais\/?s={search_term_string}\"},\"query-input\":{\"@type\":\"PropertyValueSpecification\",\"valueRequired\":true,\"valueName\":\"search_term_string\"}}],\"inLanguage\":\"fr-CA\"},{\"@type\":\"Organization\",\"@id\":\"https:\/\/fleetfix.ca\/francais\/#organization\",\"name\":\"FleetFIX Division de Greenmar\",\"url\":\"https:\/\/fleetfix.ca\/francais\/\",\"logo\":{\"@type\":\"ImageObject\",\"inLanguage\":\"fr-CA\",\"@id\":\"https:\/\/fleetfix.ca\/francais\/#\/schema\/logo\/image\/\",\"url\":\"http:\/\/www.fleetfix.ca\/francais\/wp-content\/uploads\/2017\/11\/cropped-fleetfix-30years-logo.png\",\"contentUrl\":\"http:\/\/www.fleetfix.ca\/francais\/wp-content\/uploads\/2017\/11\/cropped-fleetfix-30years-logo.png\",\"width\":414,\"height\":75,\"caption\":\"FleetFIX Division de Greenmar\"},\"image\":{\"@id\":\"https:\/\/fleetfix.ca\/francais\/#\/schema\/logo\/image\/\"},\"sameAs\":[\"https:\/\/www.facebook.com\/trucktrailerrepairshop\/\"]}]}<\/script>\n<!-- \/ Yoast SEO plugin. -->","yoast_head_json":{"title":"Aire de service pour camion lourd \u00e0 Montr\u00e9al, garage, Laval, West Island","description":"Aire de service et atelier pour camion lourd \u00e0 Montr\u00e9al, sp\u00e9cialis\u00e9 dans les services mobiles d\u2019assistance routi\u00e8re de r\u00e9paration de carrosserie et de m\u00e9canique, de pneus et d\u2019unit\u00e9s de contr\u00f4le climatique.","robots":{"index":"index","follow":"follow","max-snippet":"max-snippet:-1","max-image-preview":"max-image-preview:large","max-video-preview":"max-video-preview:-1"},"canonical":"https:\/\/fleetfix.ca\/francais\/secteur-de-service\/","og_locale":"fr_CA","og_type":"article","og_title":"Aire de service pour camion lourd \u00e0 Montr\u00e9al, garage, Laval, West Island","og_description":"Aire de service et atelier pour camion lourd \u00e0 Montr\u00e9al, sp\u00e9cialis\u00e9 dans les services mobiles d\u2019assistance routi\u00e8re de r\u00e9paration de carrosserie et de m\u00e9canique, de pneus et d\u2019unit\u00e9s de contr\u00f4le climatique.","og_url":"https:\/\/fleetfix.ca\/francais\/secteur-de-service\/","og_site_name":"R\u00e9paration de camions et remorques Montr\u00e9al mobile, m\u00e9canique","article_publisher":"https:\/\/www.facebook.com\/trucktrailerrepairshop\/","article_modified_time":"2019-07-31T14:36:27+00:00","twitter_card":"summary_large_image","schema":{"@context":"https:\/\/schema.org","@graph":[{"@type":"WebPage","@id":"https:\/\/fleetfix.ca\/francais\/secteur-de-service\/","url":"https:\/\/fleetfix.ca\/francais\/secteur-de-service\/","name":"Aire de service pour camion lourd \u00e0 Montr\u00e9al, garage, Laval, West Island","isPartOf":{"@id":"https:\/\/fleetfix.ca\/francais\/#website"},"datePublished":"2017-11-13T21:47:58+00:00","dateModified":"2019-07-31T14:36:27+00:00","description":"Aire de service et atelier pour camion lourd \u00e0 Montr\u00e9al, sp\u00e9cialis\u00e9 dans les services mobiles d\u2019assistance routi\u00e8re de r\u00e9paration de carrosserie et de m\u00e9canique, de pneus et d\u2019unit\u00e9s de contr\u00f4le climatique.","breadcrumb":{"@id":"https:\/\/fleetfix.ca\/francais\/secteur-de-service\/#breadcrumb"},"inLanguage":"fr-CA","potentialAction":[{"@type":"ReadAction","target":["https:\/\/fleetfix.ca\/francais\/secteur-de-service\/"]}]},{"@type":"BreadcrumbList","@id":"https:\/\/fleetfix.ca\/francais\/secteur-de-service\/#breadcrumb","itemListElement":[{"@type":"ListItem","position":1,"name":"Home","item":"https:\/\/fleetfix.ca\/francais\/"},{"@type":"ListItem","position":2,"name":"Aire de service"}]},{"@type":"WebSite","@id":"https:\/\/fleetfix.ca\/francais\/#website","url":"https:\/\/fleetfix.ca\/francais\/","name":"R\u00e9paration de camions et remorques Montr\u00e9al mobile, m\u00e9canique","description":"Pr\u00eat \u00e0 vous gardez roulemont !","publisher":{"@id":"https:\/\/fleetfix.ca\/francais\/#organization"},"potentialAction":[{"@type":"SearchAction","target":{"@type":"EntryPoint","urlTemplate":"https:\/\/fleetfix.ca\/francais\/?s={search_term_string}"},"query-input":{"@type":"PropertyValueSpecification","valueRequired":true,"valueName":"search_term_string"}}],"inLanguage":"fr-CA"},{"@type":"Organization","@id":"https:\/\/fleetfix.ca\/francais\/#organization","name":"FleetFIX Division de Greenmar","url":"https:\/\/fleetfix.ca\/francais\/","logo":{"@type":"ImageObject","inLanguage":"fr-CA","@id":"https:\/\/fleetfix.ca\/francais\/#\/schema\/logo\/image\/","url":"http:\/\/www.fleetfix.ca\/francais\/wp-content\/uploads\/2017\/11\/cropped-fleetfix-30years-logo.png","contentUrl":"http:\/\/www.fleetfix.ca\/francais\/wp-content\/uploads\/2017\/11\/cropped-fleetfix-30years-logo.png","width":414,"height":75,"caption":"FleetFIX Division de Greenmar"},"image":{"@id":"https:\/\/fleetfix.ca\/francais\/#\/schema\/logo\/image\/"},"sameAs":["https:\/\/www.facebook.com\/trucktrailerrepairshop\/"]}]}},"_links":{"self":[{"href":"https:\/\/fleetfix.ca\/francais\/wp-json\/wp\/v2\/pages\/28","targetHints":{"allow":["GET"]}}],"collection":[{"href":"https:\/\/fleetfix.ca\/francais\/wp-json\/wp\/v2\/pages"}],"about":[{"href":"https:\/\/fleetfix.ca\/francais\/wp-json\/wp\/v2\/types\/page"}],"author":[{"embeddable":true,"href":"https:\/\/fleetfix.ca\/francais\/wp-json\/wp\/v2\/users\/1"}],"replies":[{"embeddable":true,"href":"https:\/\/fleetfix.ca\/francais\/wp-json\/wp\/v2\/comments?post=28"}],"version-history":[{"count":9,"href":"https:\/\/fleetfix.ca\/francais\/wp-json\/wp\/v2\/pages\/28\/revisions"}],"predecessor-version":[{"id":262,"href":"https:\/\/fleetfix.ca\/francais\/wp-json\/wp\/v2\/pages\/28\/revisions\/262"}],"wp:attachment":[{"href":"https:\/\/fleetfix.ca\/francais\/wp-json\/wp\/v2\/media?parent=28"}],"curies":[{"name":"wp","href":"https:\/\/api.w.org\/{rel}","templated":true}]}}