{"id":30,"date":"2017-11-13T16:48:27","date_gmt":"2017-11-13T21:48:27","guid":{"rendered":"http:\/\/www.fleetfix.ca\/francais\/?page_id=30"},"modified":"2019-07-31T10:32:35","modified_gmt":"2019-07-31T14:32:35","slug":"surete-inspection-saaq","status":"publish","type":"page","link":"https:\/\/fleetfix.ca\/francais\/surete-inspection-saaq\/","title":{"rendered":"S\u00e9curit\u00e9"},"content":{"rendered":"<div class=\"post-entry\">\n<div class=\"content3Column gap\">\n<h3>Inspection des certifications de s\u00e9curit\u00e9 SAAQ, FHWA, PEP, assurance de 5\u00a0millions $<\/h3>\n<h1 class=\"entry-title post-title\"><img loading=\"lazy\" decoding=\"async\" class=\"wp-image-150 alignleft\" src=\"http:\/\/www.fleetfix.ca\/francais\/wp-content\/uploads\/2017\/12\/PEP_logo.png\" alt=\"Inspection SAAQ: PEP logo\" width=\"144\" height=\"144\" srcset=\"https:\/\/fleetfix.ca\/francais\/wp-content\/uploads\/2017\/12\/PEP_logo.png 208w, https:\/\/fleetfix.ca\/francais\/wp-content\/uploads\/2017\/12\/PEP_logo-150x150.png 150w, https:\/\/fleetfix.ca\/francais\/wp-content\/uploads\/2017\/12\/PEP_logo-100x100.png 100w, https:\/\/fleetfix.ca\/francais\/wp-content\/uploads\/2017\/12\/PEP_logo-200x200.png 200w\" sizes=\"auto, (max-width: 144px) 100vw, 144px\" \/><\/h1>\n<p class=\"portfolioItem\"><strong>PEP:<\/strong>\u00a0<span id=\"result_box\" class=\"\" lang=\"fr\"><span class=\"\">FleetFIX est autoris\u00e9 par la province de Qu\u00e9bec \u00e0 certifier ses clients dans le cadre du <a href=\"https:\/\/saaq.gouv.qc.ca\/transport-biens\/vehicule-lourd\/verification-entretien-mecanique\/programme-entretien-preventif\/\" target=\"_blank\" rel=\"noopener noreferrer\">Programme d\u2019entretien pr\u00e9ventif (PEP)<\/a>.<\/span><\/span><\/p>\n<\/div>\n<\/div>\n<div><\/div>\n<div><\/div>\n<div class=\"post-entry\">\n<div class=\"content3Column gap\">\n<p><img loading=\"lazy\" decoding=\"async\" class=\"wp-image-149 alignleft\" src=\"http:\/\/www.fleetfix.ca\/francais\/wp-content\/uploads\/2017\/12\/insurance.jpg\" alt=\"\" width=\"139\" height=\"104\" srcset=\"https:\/\/fleetfix.ca\/francais\/wp-content\/uploads\/2017\/12\/insurance.jpg 300w, https:\/\/fleetfix.ca\/francais\/wp-content\/uploads\/2017\/12\/insurance-100x75.jpg 100w, https:\/\/fleetfix.ca\/francais\/wp-content\/uploads\/2017\/12\/insurance-150x113.jpg 150w, https:\/\/fleetfix.ca\/francais\/wp-content\/uploads\/2017\/12\/insurance-200x150.jpg 200w\" sizes=\"auto, (max-width: 139px) 100vw, 139px\" \/><\/p>\n<p><strong>ASSURANCE :<\/strong> FleetFIX d\u00e9tient une assurance-responsabilit\u00e9 de 5\u00a0000\u00a0000\u00a0$ de la part de Commercial General Liability Insurance ainsi qu\u2019une assurance-responsabilit\u00e9 de tiers pour garage de 5\u00a0000\u00a0000\u00a0$<\/p>\n<\/div>\n<\/div>\n<div class=\"post-entry\">\n<div class=\"content3Column gap\">\n<div class=\"portfolioItem\">\n<p><img loading=\"lazy\" decoding=\"async\" class=\"wp-image-148 alignleft\" src=\"http:\/\/www.fleetfix.ca\/francais\/wp-content\/uploads\/2017\/12\/FHWA.png\" alt=\"Inspection SAAQ: FHWA logo\" width=\"127\" height=\"127\" srcset=\"https:\/\/fleetfix.ca\/francais\/wp-content\/uploads\/2017\/12\/FHWA.png 227w, https:\/\/fleetfix.ca\/francais\/wp-content\/uploads\/2017\/12\/FHWA-150x150.png 150w, https:\/\/fleetfix.ca\/francais\/wp-content\/uploads\/2017\/12\/FHWA-100x100.png 100w, https:\/\/fleetfix.ca\/francais\/wp-content\/uploads\/2017\/12\/FHWA-200x200.png 200w\" sizes=\"auto, (max-width: 127px) 100vw, 127px\" \/><\/p>\n<p><strong>FHWA :<\/strong> <a href=\"https:\/\/www.transportation.gov\/\" target=\"_blank\" rel=\"noopener noreferrer\">Federal Highway Administration<\/a> du minist\u00e8re am\u00e9ricain des Transports<\/p>\n<\/div>\n<\/div>\n<\/div>\n<div class=\"post-entry\">\n<p><img loading=\"lazy\" decoding=\"async\" class=\"wp-image-151 alignleft\" src=\"http:\/\/www.fleetfix.ca\/francais\/wp-content\/uploads\/2017\/12\/SAAQ.png\" alt=\"Inspection SAAQ logo\" width=\"285\" height=\"90\" srcset=\"https:\/\/fleetfix.ca\/francais\/wp-content\/uploads\/2017\/12\/SAAQ.png 504w, https:\/\/fleetfix.ca\/francais\/wp-content\/uploads\/2017\/12\/SAAQ-300x95.png 300w, https:\/\/fleetfix.ca\/francais\/wp-content\/uploads\/2017\/12\/SAAQ-100x32.png 100w, https:\/\/fleetfix.ca\/francais\/wp-content\/uploads\/2017\/12\/SAAQ-150x47.png 150w, https:\/\/fleetfix.ca\/francais\/wp-content\/uploads\/2017\/12\/SAAQ-200x63.png 200w, https:\/\/fleetfix.ca\/francais\/wp-content\/uploads\/2017\/12\/SAAQ-450x142.png 450w\" sizes=\"auto, (max-width: 285px) 100vw, 285px\" \/><\/p>\n<div class=\"content3Column\">\n<p class=\"portfolioItem\"><strong>SAAQ:<\/strong> <a href=\"https:\/\/saaq.gouv.qc.ca\/en\/\" target=\"_blank\" rel=\"nofollow noopener noreferrer\">Soci\u00e9t\u00e9 de l\u2019assurance automobile du Qu\u00e9bec<\/a><\/p>\n<div class=\"portfolioItem last\">\n<p>Inspections de camions SAAQ Inspections m\u00e9caniques de v\u00e9hicules lourds FleetFIX peut effectuer l\u2019inspection SAAQ des camions et semi-remorques ainsi que les certifications gouvernementales. Les agents charg\u00e9s des v\u00e9hicules lourds effectuent des inspections m\u00e9caniques sur tout v\u00e9hicule de plus de 3\u00a0000\u00a0kg\u00a0(ex., tracteurs, remorques).<\/p>\n<\/div>\n<\/div>\n<\/div>\n","protected":false},"excerpt":{"rendered":"<p>Inspection des certifications de s\u00e9curit\u00e9 SAAQ, FHWA, PEP, assurance de 5\u00a0millions $ PEP:\u00a0FleetFIX est autoris\u00e9 par la province de Qu\u00e9bec \u00e0 certifier ses clients dans le cadre du Programme d\u2019entretien pr\u00e9ventif (PEP). ASSURANCE : FleetFIX d\u00e9tient une assurance-responsabilit\u00e9 de 5\u00a0000\u00a0000\u00a0$ &hellip;<\/p>\n<p class=\"read-more\"> <a class=\"more-link\" href=\"https:\/\/fleetfix.ca\/francais\/surete-inspection-saaq\/\"> <span class=\"screen-reader-text\">S\u00e9curit\u00e9<\/span> En savoir plus &raquo;<\/a><\/p>\n","protected":false},"author":1,"featured_media":0,"parent":0,"menu_order":0,"comment_status":"closed","ping_status":"closed","template":"","meta":{"footnotes":""},"class_list":["post-30","page","type-page","status-publish","hentry"],"yoast_head":"<!-- This site is optimized with the Yoast SEO plugin v24.7 - https:\/\/yoast.com\/wordpress\/plugins\/seo\/ -->\n<title>Inspection des certifications de s\u00e9curit\u00e9 de la SAAQ, FHWA, PEP, assurance de 5 millions $<\/title>\n<meta name=\"description\" content=\"Inspection des certifications de s\u00e9curit\u00e9 SAAQ \u00e0 l\u2019atelier de r\u00e9paration des remorques de FleetFIX \u00e0 Montr\u00e9al, au c\u0153ur de l\u2019\u00eele de Montr\u00e9al, service d\u2019urgence mobile.\" \/>\n<meta name=\"robots\" content=\"index, follow, max-snippet:-1, max-image-preview:large, max-video-preview:-1\" \/>\n<link rel=\"canonical\" href=\"https:\/\/fleetfix.ca\/francais\/surete-inspection-saaq\/\" \/>\n<meta property=\"og:locale\" content=\"fr_CA\" \/>\n<meta property=\"og:type\" content=\"article\" \/>\n<meta property=\"og:title\" content=\"Inspection des certifications de s\u00e9curit\u00e9 de la SAAQ, FHWA, PEP, assurance de 5 millions $\" \/>\n<meta property=\"og:description\" content=\"Inspection des certifications de s\u00e9curit\u00e9 SAAQ \u00e0 l\u2019atelier de r\u00e9paration des remorques de FleetFIX \u00e0 Montr\u00e9al, au c\u0153ur de l\u2019\u00eele de Montr\u00e9al, service d\u2019urgence mobile.\" \/>\n<meta property=\"og:url\" content=\"https:\/\/fleetfix.ca\/francais\/surete-inspection-saaq\/\" \/>\n<meta property=\"og:site_name\" content=\"R\u00e9paration de camions et remorques Montr\u00e9al mobile, m\u00e9canique\" \/>\n<meta property=\"article:publisher\" content=\"https:\/\/www.facebook.com\/trucktrailerrepairshop\/\" \/>\n<meta property=\"article:modified_time\" content=\"2019-07-31T14:32:35+00:00\" \/>\n<meta property=\"og:image\" content=\"http:\/\/www.fleetfix.ca\/francais\/wp-content\/uploads\/2017\/12\/PEP_logo.png\" \/>\n<meta name=\"twitter:card\" content=\"summary_large_image\" \/>\n<meta name=\"twitter:label1\" content=\"Estimation du temps de lecture\" \/>\n\t<meta name=\"twitter:data1\" content=\"1 minute\" \/>\n<script type=\"application\/ld+json\" class=\"yoast-schema-graph\">{\"@context\":\"https:\/\/schema.org\",\"@graph\":[{\"@type\":\"WebPage\",\"@id\":\"https:\/\/fleetfix.ca\/francais\/surete-inspection-saaq\/\",\"url\":\"https:\/\/fleetfix.ca\/francais\/surete-inspection-saaq\/\",\"name\":\"Inspection des certifications de s\u00e9curit\u00e9 de la SAAQ, FHWA, PEP, assurance de 5 millions $\",\"isPartOf\":{\"@id\":\"https:\/\/fleetfix.ca\/francais\/#website\"},\"primaryImageOfPage\":{\"@id\":\"https:\/\/fleetfix.ca\/francais\/surete-inspection-saaq\/#primaryimage\"},\"image\":{\"@id\":\"https:\/\/fleetfix.ca\/francais\/surete-inspection-saaq\/#primaryimage\"},\"thumbnailUrl\":\"http:\/\/www.fleetfix.ca\/francais\/wp-content\/uploads\/2017\/12\/PEP_logo.png\",\"datePublished\":\"2017-11-13T21:48:27+00:00\",\"dateModified\":\"2019-07-31T14:32:35+00:00\",\"description\":\"Inspection des certifications de s\u00e9curit\u00e9 SAAQ \u00e0 l\u2019atelier de r\u00e9paration des remorques de FleetFIX \u00e0 Montr\u00e9al, au c\u0153ur de l\u2019\u00eele de Montr\u00e9al, service d\u2019urgence mobile.\",\"breadcrumb\":{\"@id\":\"https:\/\/fleetfix.ca\/francais\/surete-inspection-saaq\/#breadcrumb\"},\"inLanguage\":\"fr-CA\",\"potentialAction\":[{\"@type\":\"ReadAction\",\"target\":[\"https:\/\/fleetfix.ca\/francais\/surete-inspection-saaq\/\"]}]},{\"@type\":\"ImageObject\",\"inLanguage\":\"fr-CA\",\"@id\":\"https:\/\/fleetfix.ca\/francais\/surete-inspection-saaq\/#primaryimage\",\"url\":\"http:\/\/www.fleetfix.ca\/francais\/wp-content\/uploads\/2017\/12\/PEP_logo.png\",\"contentUrl\":\"http:\/\/www.fleetfix.ca\/francais\/wp-content\/uploads\/2017\/12\/PEP_logo.png\"},{\"@type\":\"BreadcrumbList\",\"@id\":\"https:\/\/fleetfix.ca\/francais\/surete-inspection-saaq\/#breadcrumb\",\"itemListElement\":[{\"@type\":\"ListItem\",\"position\":1,\"name\":\"Home\",\"item\":\"https:\/\/fleetfix.ca\/francais\/\"},{\"@type\":\"ListItem\",\"position\":2,\"name\":\"S\u00e9curit\u00e9\"}]},{\"@type\":\"WebSite\",\"@id\":\"https:\/\/fleetfix.ca\/francais\/#website\",\"url\":\"https:\/\/fleetfix.ca\/francais\/\",\"name\":\"R\u00e9paration de camions et remorques Montr\u00e9al mobile, m\u00e9canique\",\"description\":\"Pr\u00eat \u00e0 vous gardez roulemont !\",\"publisher\":{\"@id\":\"https:\/\/fleetfix.ca\/francais\/#organization\"},\"potentialAction\":[{\"@type\":\"SearchAction\",\"target\":{\"@type\":\"EntryPoint\",\"urlTemplate\":\"https:\/\/fleetfix.ca\/francais\/?s={search_term_string}\"},\"query-input\":{\"@type\":\"PropertyValueSpecification\",\"valueRequired\":true,\"valueName\":\"search_term_string\"}}],\"inLanguage\":\"fr-CA\"},{\"@type\":\"Organization\",\"@id\":\"https:\/\/fleetfix.ca\/francais\/#organization\",\"name\":\"FleetFIX Division de Greenmar\",\"url\":\"https:\/\/fleetfix.ca\/francais\/\",\"logo\":{\"@type\":\"ImageObject\",\"inLanguage\":\"fr-CA\",\"@id\":\"https:\/\/fleetfix.ca\/francais\/#\/schema\/logo\/image\/\",\"url\":\"http:\/\/www.fleetfix.ca\/francais\/wp-content\/uploads\/2017\/11\/cropped-fleetfix-30years-logo.png\",\"contentUrl\":\"http:\/\/www.fleetfix.ca\/francais\/wp-content\/uploads\/2017\/11\/cropped-fleetfix-30years-logo.png\",\"width\":414,\"height\":75,\"caption\":\"FleetFIX Division de Greenmar\"},\"image\":{\"@id\":\"https:\/\/fleetfix.ca\/francais\/#\/schema\/logo\/image\/\"},\"sameAs\":[\"https:\/\/www.facebook.com\/trucktrailerrepairshop\/\"]}]}<\/script>\n<!-- \/ Yoast SEO plugin. -->","yoast_head_json":{"title":"Inspection des certifications de s\u00e9curit\u00e9 de la SAAQ, FHWA, PEP, assurance de 5 millions $","description":"Inspection des certifications de s\u00e9curit\u00e9 SAAQ \u00e0 l\u2019atelier de r\u00e9paration des remorques de FleetFIX \u00e0 Montr\u00e9al, au c\u0153ur de l\u2019\u00eele de Montr\u00e9al, service d\u2019urgence mobile.","robots":{"index":"index","follow":"follow","max-snippet":"max-snippet:-1","max-image-preview":"max-image-preview:large","max-video-preview":"max-video-preview:-1"},"canonical":"https:\/\/fleetfix.ca\/francais\/surete-inspection-saaq\/","og_locale":"fr_CA","og_type":"article","og_title":"Inspection des certifications de s\u00e9curit\u00e9 de la SAAQ, FHWA, PEP, assurance de 5 millions $","og_description":"Inspection des certifications de s\u00e9curit\u00e9 SAAQ \u00e0 l\u2019atelier de r\u00e9paration des remorques de FleetFIX \u00e0 Montr\u00e9al, au c\u0153ur de l\u2019\u00eele de Montr\u00e9al, service d\u2019urgence mobile.","og_url":"https:\/\/fleetfix.ca\/francais\/surete-inspection-saaq\/","og_site_name":"R\u00e9paration de camions et remorques Montr\u00e9al mobile, m\u00e9canique","article_publisher":"https:\/\/www.facebook.com\/trucktrailerrepairshop\/","article_modified_time":"2019-07-31T14:32:35+00:00","og_image":[{"url":"http:\/\/www.fleetfix.ca\/francais\/wp-content\/uploads\/2017\/12\/PEP_logo.png","type":"","width":"","height":""}],"twitter_card":"summary_large_image","twitter_misc":{"Estimation du temps de lecture":"1 minute"},"schema":{"@context":"https:\/\/schema.org","@graph":[{"@type":"WebPage","@id":"https:\/\/fleetfix.ca\/francais\/surete-inspection-saaq\/","url":"https:\/\/fleetfix.ca\/francais\/surete-inspection-saaq\/","name":"Inspection des certifications de s\u00e9curit\u00e9 de la SAAQ, FHWA, PEP, assurance de 5 millions $","isPartOf":{"@id":"https:\/\/fleetfix.ca\/francais\/#website"},"primaryImageOfPage":{"@id":"https:\/\/fleetfix.ca\/francais\/surete-inspection-saaq\/#primaryimage"},"image":{"@id":"https:\/\/fleetfix.ca\/francais\/surete-inspection-saaq\/#primaryimage"},"thumbnailUrl":"http:\/\/www.fleetfix.ca\/francais\/wp-content\/uploads\/2017\/12\/PEP_logo.png","datePublished":"2017-11-13T21:48:27+00:00","dateModified":"2019-07-31T14:32:35+00:00","description":"Inspection des certifications de s\u00e9curit\u00e9 SAAQ \u00e0 l\u2019atelier de r\u00e9paration des remorques de FleetFIX \u00e0 Montr\u00e9al, au c\u0153ur de l\u2019\u00eele de Montr\u00e9al, service d\u2019urgence mobile.","breadcrumb":{"@id":"https:\/\/fleetfix.ca\/francais\/surete-inspection-saaq\/#breadcrumb"},"inLanguage":"fr-CA","potentialAction":[{"@type":"ReadAction","target":["https:\/\/fleetfix.ca\/francais\/surete-inspection-saaq\/"]}]},{"@type":"ImageObject","inLanguage":"fr-CA","@id":"https:\/\/fleetfix.ca\/francais\/surete-inspection-saaq\/#primaryimage","url":"http:\/\/www.fleetfix.ca\/francais\/wp-content\/uploads\/2017\/12\/PEP_logo.png","contentUrl":"http:\/\/www.fleetfix.ca\/francais\/wp-content\/uploads\/2017\/12\/PEP_logo.png"},{"@type":"BreadcrumbList","@id":"https:\/\/fleetfix.ca\/francais\/surete-inspection-saaq\/#breadcrumb","itemListElement":[{"@type":"ListItem","position":1,"name":"Home","item":"https:\/\/fleetfix.ca\/francais\/"},{"@type":"ListItem","position":2,"name":"S\u00e9curit\u00e9"}]},{"@type":"WebSite","@id":"https:\/\/fleetfix.ca\/francais\/#website","url":"https:\/\/fleetfix.ca\/francais\/","name":"R\u00e9paration de camions et remorques Montr\u00e9al mobile, m\u00e9canique","description":"Pr\u00eat \u00e0 vous gardez roulemont !","publisher":{"@id":"https:\/\/fleetfix.ca\/francais\/#organization"},"potentialAction":[{"@type":"SearchAction","target":{"@type":"EntryPoint","urlTemplate":"https:\/\/fleetfix.ca\/francais\/?s={search_term_string}"},"query-input":{"@type":"PropertyValueSpecification","valueRequired":true,"valueName":"search_term_string"}}],"inLanguage":"fr-CA"},{"@type":"Organization","@id":"https:\/\/fleetfix.ca\/francais\/#organization","name":"FleetFIX Division de Greenmar","url":"https:\/\/fleetfix.ca\/francais\/","logo":{"@type":"ImageObject","inLanguage":"fr-CA","@id":"https:\/\/fleetfix.ca\/francais\/#\/schema\/logo\/image\/","url":"http:\/\/www.fleetfix.ca\/francais\/wp-content\/uploads\/2017\/11\/cropped-fleetfix-30years-logo.png","contentUrl":"http:\/\/www.fleetfix.ca\/francais\/wp-content\/uploads\/2017\/11\/cropped-fleetfix-30years-logo.png","width":414,"height":75,"caption":"FleetFIX Division de Greenmar"},"image":{"@id":"https:\/\/fleetfix.ca\/francais\/#\/schema\/logo\/image\/"},"sameAs":["https:\/\/www.facebook.com\/trucktrailerrepairshop\/"]}]}},"_links":{"self":[{"href":"https:\/\/fleetfix.ca\/francais\/wp-json\/wp\/v2\/pages\/30","targetHints":{"allow":["GET"]}}],"collection":[{"href":"https:\/\/fleetfix.ca\/francais\/wp-json\/wp\/v2\/pages"}],"about":[{"href":"https:\/\/fleetfix.ca\/francais\/wp-json\/wp\/v2\/types\/page"}],"author":[{"embeddable":true,"href":"https:\/\/fleetfix.ca\/francais\/wp-json\/wp\/v2\/users\/1"}],"replies":[{"embeddable":true,"href":"https:\/\/fleetfix.ca\/francais\/wp-json\/wp\/v2\/comments?post=30"}],"version-history":[{"count":9,"href":"https:\/\/fleetfix.ca\/francais\/wp-json\/wp\/v2\/pages\/30\/revisions"}],"predecessor-version":[{"id":261,"href":"https:\/\/fleetfix.ca\/francais\/wp-json\/wp\/v2\/pages\/30\/revisions\/261"}],"wp:attachment":[{"href":"https:\/\/fleetfix.ca\/francais\/wp-json\/wp\/v2\/media?parent=30"}],"curies":[{"name":"wp","href":"https:\/\/api.w.org\/{rel}","templated":true}]}}