{"id":32,"date":"2017-11-13T16:48:54","date_gmt":"2017-11-13T21:48:54","guid":{"rendered":"http:\/\/www.fleetfix.ca\/francais\/?page_id=32"},"modified":"2025-01-27T09:12:53","modified_gmt":"2025-01-27T14:12:53","slug":"maintenance-reparation-semi-remorque-compagnie","status":"publish","type":"page","link":"https:\/\/fleetfix.ca\/francais\/maintenance-reparation-semi-remorque-compagnie\/","title":{"rendered":"L\u2019entreprise"},"content":{"rendered":"<h1 class=\"entry-title post-title\"><img loading=\"lazy\" decoding=\"async\" class=\"alignnone size-full wp-image-98\" src=\"http:\/\/www.fleetfix.ca\/francais\/wp-content\/uploads\/2017\/11\/main_pic_fr.jpg\" alt=\"maintenance reparation semi-remorque garage\" width=\"873\" height=\"337\" srcset=\"https:\/\/fleetfix.ca\/francais\/wp-content\/uploads\/2017\/11\/main_pic_fr.jpg 873w, https:\/\/fleetfix.ca\/francais\/wp-content\/uploads\/2017\/11\/main_pic_fr-300x116.jpg 300w, https:\/\/fleetfix.ca\/francais\/wp-content\/uploads\/2017\/11\/main_pic_fr-768x296.jpg 768w, https:\/\/fleetfix.ca\/francais\/wp-content\/uploads\/2017\/11\/main_pic_fr-100x39.jpg 100w, https:\/\/fleetfix.ca\/francais\/wp-content\/uploads\/2017\/11\/main_pic_fr-150x58.jpg 150w, https:\/\/fleetfix.ca\/francais\/wp-content\/uploads\/2017\/11\/main_pic_fr-200x77.jpg 200w, https:\/\/fleetfix.ca\/francais\/wp-content\/uploads\/2017\/11\/main_pic_fr-450x174.jpg 450w, https:\/\/fleetfix.ca\/francais\/wp-content\/uploads\/2017\/11\/main_pic_fr-600x232.jpg 600w\" sizes=\"auto, (max-width: 873px) 100vw, 873px\" \/><\/h1>\n<div class=\"post-entry\">\n<div class=\"contentMedium\">\n<h2>Entretien et r\u00e9paration de semi-remorque<\/h2>\n<ul>\n<li>En affaires depuis 1985, nous pouvons tout r\u00e9parer sur une remorque, que ce soit remplacer une ampoule ou une reconstruction apr\u00e8s accident<\/li>\n<li><a href=\"http:\/\/www.fleetfix.ca\/francais\/contact-service-routier-mobile\/\">Situ\u00e9 pr\u00e8s de l\u2019a\u00e9roport<\/a> entre les autoroutes 20 et 40, sur l\u2019autoroute 13.<\/li>\n<li>Tous nos m\u00e9caniciens sont certifi\u00e9s PEP par le gouvernement et form\u00e9s en diagnostic et r\u00e9paration d\u2019ABS<\/li>\n<li>Certaines flottes profitent de nos rapports d\u2019analyse et pr\u00e9visions de flotte afin des les aider \u00e0 faire de l\u2019entretien pr\u00e9ventif plut\u00f4t que des r\u00e9parations r\u00e9actives (et co\u00fbteuses).<\/li>\n<\/ul>\n<h2>Service de semi-remorque<\/h2>\n<p>FleetFIX et Greenmar op\u00e8rent un centre de service de premier plan pour les semi-remorques. Nos installations nous permettent de servir les semi-remorques, que ce soit pour la carrosserie, la conversion des portes de remorque et les r\u00e9parations m\u00e9caniques, jusqu\u2019\u00e0 l\u2019inspection finale de v\u00e9hicule lourd du Qu\u00e9bec pour la SAAQ. Notre service des pi\u00e8ces conserve en inventaire toutes les pi\u00e8ces requises pour le service journalier sur place. Nous offrons \u00e0 nos clients des services d\u2019urgence sur les remorques.<\/p>\n<h3>Atelier de r\u00e9paration de remorque \u00e0 usage rigoureux<\/h3>\n<p>Depuis 1985, nous offrons la solution id\u00e9ale pour les entreprises qui souhaitent un entretien de la plus haute norme possible pour leurs camions et remorques, en perdant le moins de temps possible. Notre service de pi\u00e8ces sur place nous donne acc\u00e8s instantan\u00e9ment \u00e0 des milliers de pi\u00e8ces.<\/p>\n<\/div>\n<\/div>\n\n\n<h2 class=\"wp-block-heading\">Notre \u00e9quipe<\/h2>\n\n\n\n<figure class=\"wp-block-image size-large\"><img loading=\"lazy\" decoding=\"async\" width=\"1024\" height=\"768\" src=\"https:\/\/fleetfix.ca\/francais\/wp-content\/uploads\/2025\/01\/Fleetfix-Notre-equipe-1024x768.jpg\" alt=\"\" class=\"wp-image-343\" srcset=\"https:\/\/fleetfix.ca\/francais\/wp-content\/uploads\/2025\/01\/Fleetfix-Notre-equipe-1024x768.jpg 1024w, https:\/\/fleetfix.ca\/francais\/wp-content\/uploads\/2025\/01\/Fleetfix-Notre-equipe-300x225.jpg 300w, https:\/\/fleetfix.ca\/francais\/wp-content\/uploads\/2025\/01\/Fleetfix-Notre-equipe-768x576.jpg 768w, https:\/\/fleetfix.ca\/francais\/wp-content\/uploads\/2025\/01\/Fleetfix-Notre-equipe-1536x1152.jpg 1536w, https:\/\/fleetfix.ca\/francais\/wp-content\/uploads\/2025\/01\/Fleetfix-Notre-equipe-100x75.jpg 100w, https:\/\/fleetfix.ca\/francais\/wp-content\/uploads\/2025\/01\/Fleetfix-Notre-equipe-150x113.jpg 150w, https:\/\/fleetfix.ca\/francais\/wp-content\/uploads\/2025\/01\/Fleetfix-Notre-equipe-200x150.jpg 200w, https:\/\/fleetfix.ca\/francais\/wp-content\/uploads\/2025\/01\/Fleetfix-Notre-equipe-450x338.jpg 450w, https:\/\/fleetfix.ca\/francais\/wp-content\/uploads\/2025\/01\/Fleetfix-Notre-equipe-600x450.jpg 600w, https:\/\/fleetfix.ca\/francais\/wp-content\/uploads\/2025\/01\/Fleetfix-Notre-equipe-900x675.jpg 900w, https:\/\/fleetfix.ca\/francais\/wp-content\/uploads\/2025\/01\/Fleetfix-Notre-equipe.jpg 2016w\" sizes=\"auto, (max-width: 1024px) 100vw, 1024px\" \/><\/figure>\n\n\n\n<p>Ensemble, nous travaillons sans rel\u00e2che pour garantir que vos camions reprennent la route de mani\u00e8re s\u00fbre et efficace.<\/p>\n","protected":false},"excerpt":{"rendered":"<p>Entretien et r\u00e9paration de semi-remorque En affaires depuis 1985, nous pouvons tout r\u00e9parer sur une remorque, que ce soit remplacer une ampoule ou une reconstruction apr\u00e8s accident Situ\u00e9 pr\u00e8s de l\u2019a\u00e9roport entre les autoroutes 20 et 40, sur l\u2019autoroute 13. &hellip;<\/p>\n<p class=\"read-more\"> <a class=\"more-link\" href=\"https:\/\/fleetfix.ca\/francais\/maintenance-reparation-semi-remorque-compagnie\/\"> <span class=\"screen-reader-text\">L\u2019entreprise<\/span> En savoir plus &raquo;<\/a><\/p>\n","protected":false},"author":1,"featured_media":0,"parent":0,"menu_order":0,"comment_status":"closed","ping_status":"closed","template":"","meta":{"footnotes":""},"class_list":["post-32","page","type-page","status-publish","hentry"],"yoast_head":"<!-- This site is optimized with the Yoast SEO plugin v24.7 - https:\/\/yoast.com\/wordpress\/plugins\/seo\/ -->\n<title>Entretien et r\u00e9paration de semi-remorque, de camion lourd et de remorque<\/title>\n<meta name=\"description\" content=\"Entretien et r\u00e9paration de semi-remorque, nous pouvons tout r\u00e9parer sur une remorque, que ce soit remplacer une ampoule ou une reconstruction apr\u00e8s accident.\" \/>\n<meta name=\"robots\" content=\"index, follow, max-snippet:-1, max-image-preview:large, max-video-preview:-1\" \/>\n<link rel=\"canonical\" href=\"https:\/\/fleetfix.ca\/francais\/maintenance-reparation-semi-remorque-compagnie\/\" \/>\n<meta property=\"og:locale\" content=\"fr_CA\" \/>\n<meta property=\"og:type\" content=\"article\" \/>\n<meta property=\"og:title\" content=\"Entretien et r\u00e9paration de semi-remorque, de camion lourd et de remorque\" \/>\n<meta property=\"og:description\" content=\"Entretien et r\u00e9paration de semi-remorque, nous pouvons tout r\u00e9parer sur une remorque, que ce soit remplacer une ampoule ou une reconstruction apr\u00e8s accident.\" \/>\n<meta property=\"og:url\" content=\"https:\/\/fleetfix.ca\/francais\/maintenance-reparation-semi-remorque-compagnie\/\" \/>\n<meta property=\"og:site_name\" content=\"R\u00e9paration de camions et remorques Montr\u00e9al mobile, m\u00e9canique\" \/>\n<meta property=\"article:publisher\" content=\"https:\/\/www.facebook.com\/trucktrailerrepairshop\/\" \/>\n<meta property=\"article:modified_time\" content=\"2025-01-27T14:12:53+00:00\" \/>\n<meta property=\"og:image\" content=\"https:\/\/fleetfix.ca\/francais\/wp-content\/uploads\/2017\/11\/main_pic_fr.jpg\" \/>\n\t<meta property=\"og:image:width\" content=\"873\" \/>\n\t<meta property=\"og:image:height\" content=\"337\" \/>\n\t<meta property=\"og:image:type\" content=\"image\/jpeg\" \/>\n<meta name=\"twitter:card\" content=\"summary_large_image\" \/>\n<meta name=\"twitter:label1\" content=\"Estimation du temps de lecture\" \/>\n\t<meta name=\"twitter:data1\" content=\"2 minutes\" \/>\n<script type=\"application\/ld+json\" class=\"yoast-schema-graph\">{\"@context\":\"https:\/\/schema.org\",\"@graph\":[{\"@type\":\"WebPage\",\"@id\":\"https:\/\/fleetfix.ca\/francais\/maintenance-reparation-semi-remorque-compagnie\/\",\"url\":\"https:\/\/fleetfix.ca\/francais\/maintenance-reparation-semi-remorque-compagnie\/\",\"name\":\"Entretien et r\u00e9paration de semi-remorque, de camion lourd et de remorque\",\"isPartOf\":{\"@id\":\"https:\/\/fleetfix.ca\/francais\/#website\"},\"primaryImageOfPage\":{\"@id\":\"https:\/\/fleetfix.ca\/francais\/maintenance-reparation-semi-remorque-compagnie\/#primaryimage\"},\"image\":{\"@id\":\"https:\/\/fleetfix.ca\/francais\/maintenance-reparation-semi-remorque-compagnie\/#primaryimage\"},\"thumbnailUrl\":\"http:\/\/www.fleetfix.ca\/francais\/wp-content\/uploads\/2017\/11\/main_pic_fr.jpg\",\"datePublished\":\"2017-11-13T21:48:54+00:00\",\"dateModified\":\"2025-01-27T14:12:53+00:00\",\"description\":\"Entretien et r\u00e9paration de semi-remorque, nous pouvons tout r\u00e9parer sur une remorque, que ce soit remplacer une ampoule ou une reconstruction apr\u00e8s accident.\",\"breadcrumb\":{\"@id\":\"https:\/\/fleetfix.ca\/francais\/maintenance-reparation-semi-remorque-compagnie\/#breadcrumb\"},\"inLanguage\":\"fr-CA\",\"potentialAction\":[{\"@type\":\"ReadAction\",\"target\":[\"https:\/\/fleetfix.ca\/francais\/maintenance-reparation-semi-remorque-compagnie\/\"]}]},{\"@type\":\"ImageObject\",\"inLanguage\":\"fr-CA\",\"@id\":\"https:\/\/fleetfix.ca\/francais\/maintenance-reparation-semi-remorque-compagnie\/#primaryimage\",\"url\":\"http:\/\/www.fleetfix.ca\/francais\/wp-content\/uploads\/2017\/11\/main_pic_fr.jpg\",\"contentUrl\":\"http:\/\/www.fleetfix.ca\/francais\/wp-content\/uploads\/2017\/11\/main_pic_fr.jpg\"},{\"@type\":\"BreadcrumbList\",\"@id\":\"https:\/\/fleetfix.ca\/francais\/maintenance-reparation-semi-remorque-compagnie\/#breadcrumb\",\"itemListElement\":[{\"@type\":\"ListItem\",\"position\":1,\"name\":\"Home\",\"item\":\"https:\/\/fleetfix.ca\/francais\/\"},{\"@type\":\"ListItem\",\"position\":2,\"name\":\"L\u2019entreprise\"}]},{\"@type\":\"WebSite\",\"@id\":\"https:\/\/fleetfix.ca\/francais\/#website\",\"url\":\"https:\/\/fleetfix.ca\/francais\/\",\"name\":\"R\u00e9paration de camions et remorques Montr\u00e9al mobile, m\u00e9canique\",\"description\":\"Pr\u00eat \u00e0 vous gardez roulemont !\",\"publisher\":{\"@id\":\"https:\/\/fleetfix.ca\/francais\/#organization\"},\"potentialAction\":[{\"@type\":\"SearchAction\",\"target\":{\"@type\":\"EntryPoint\",\"urlTemplate\":\"https:\/\/fleetfix.ca\/francais\/?s={search_term_string}\"},\"query-input\":{\"@type\":\"PropertyValueSpecification\",\"valueRequired\":true,\"valueName\":\"search_term_string\"}}],\"inLanguage\":\"fr-CA\"},{\"@type\":\"Organization\",\"@id\":\"https:\/\/fleetfix.ca\/francais\/#organization\",\"name\":\"FleetFIX Division de Greenmar\",\"url\":\"https:\/\/fleetfix.ca\/francais\/\",\"logo\":{\"@type\":\"ImageObject\",\"inLanguage\":\"fr-CA\",\"@id\":\"https:\/\/fleetfix.ca\/francais\/#\/schema\/logo\/image\/\",\"url\":\"http:\/\/www.fleetfix.ca\/francais\/wp-content\/uploads\/2017\/11\/cropped-fleetfix-30years-logo.png\",\"contentUrl\":\"http:\/\/www.fleetfix.ca\/francais\/wp-content\/uploads\/2017\/11\/cropped-fleetfix-30years-logo.png\",\"width\":414,\"height\":75,\"caption\":\"FleetFIX Division de Greenmar\"},\"image\":{\"@id\":\"https:\/\/fleetfix.ca\/francais\/#\/schema\/logo\/image\/\"},\"sameAs\":[\"https:\/\/www.facebook.com\/trucktrailerrepairshop\/\"]}]}<\/script>\n<!-- \/ Yoast SEO plugin. -->","yoast_head_json":{"title":"Entretien et r\u00e9paration de semi-remorque, de camion lourd et de remorque","description":"Entretien et r\u00e9paration de semi-remorque, nous pouvons tout r\u00e9parer sur une remorque, que ce soit remplacer une ampoule ou une reconstruction apr\u00e8s accident.","robots":{"index":"index","follow":"follow","max-snippet":"max-snippet:-1","max-image-preview":"max-image-preview:large","max-video-preview":"max-video-preview:-1"},"canonical":"https:\/\/fleetfix.ca\/francais\/maintenance-reparation-semi-remorque-compagnie\/","og_locale":"fr_CA","og_type":"article","og_title":"Entretien et r\u00e9paration de semi-remorque, de camion lourd et de remorque","og_description":"Entretien et r\u00e9paration de semi-remorque, nous pouvons tout r\u00e9parer sur une remorque, que ce soit remplacer une ampoule ou une reconstruction apr\u00e8s accident.","og_url":"https:\/\/fleetfix.ca\/francais\/maintenance-reparation-semi-remorque-compagnie\/","og_site_name":"R\u00e9paration de camions et remorques Montr\u00e9al mobile, m\u00e9canique","article_publisher":"https:\/\/www.facebook.com\/trucktrailerrepairshop\/","article_modified_time":"2025-01-27T14:12:53+00:00","og_image":[{"width":873,"height":337,"url":"https:\/\/fleetfix.ca\/francais\/wp-content\/uploads\/2017\/11\/main_pic_fr.jpg","type":"image\/jpeg"}],"twitter_card":"summary_large_image","twitter_misc":{"Estimation du temps de lecture":"2 minutes"},"schema":{"@context":"https:\/\/schema.org","@graph":[{"@type":"WebPage","@id":"https:\/\/fleetfix.ca\/francais\/maintenance-reparation-semi-remorque-compagnie\/","url":"https:\/\/fleetfix.ca\/francais\/maintenance-reparation-semi-remorque-compagnie\/","name":"Entretien et r\u00e9paration de semi-remorque, de camion lourd et de remorque","isPartOf":{"@id":"https:\/\/fleetfix.ca\/francais\/#website"},"primaryImageOfPage":{"@id":"https:\/\/fleetfix.ca\/francais\/maintenance-reparation-semi-remorque-compagnie\/#primaryimage"},"image":{"@id":"https:\/\/fleetfix.ca\/francais\/maintenance-reparation-semi-remorque-compagnie\/#primaryimage"},"thumbnailUrl":"http:\/\/www.fleetfix.ca\/francais\/wp-content\/uploads\/2017\/11\/main_pic_fr.jpg","datePublished":"2017-11-13T21:48:54+00:00","dateModified":"2025-01-27T14:12:53+00:00","description":"Entretien et r\u00e9paration de semi-remorque, nous pouvons tout r\u00e9parer sur une remorque, que ce soit remplacer une ampoule ou une reconstruction apr\u00e8s accident.","breadcrumb":{"@id":"https:\/\/fleetfix.ca\/francais\/maintenance-reparation-semi-remorque-compagnie\/#breadcrumb"},"inLanguage":"fr-CA","potentialAction":[{"@type":"ReadAction","target":["https:\/\/fleetfix.ca\/francais\/maintenance-reparation-semi-remorque-compagnie\/"]}]},{"@type":"ImageObject","inLanguage":"fr-CA","@id":"https:\/\/fleetfix.ca\/francais\/maintenance-reparation-semi-remorque-compagnie\/#primaryimage","url":"http:\/\/www.fleetfix.ca\/francais\/wp-content\/uploads\/2017\/11\/main_pic_fr.jpg","contentUrl":"http:\/\/www.fleetfix.ca\/francais\/wp-content\/uploads\/2017\/11\/main_pic_fr.jpg"},{"@type":"BreadcrumbList","@id":"https:\/\/fleetfix.ca\/francais\/maintenance-reparation-semi-remorque-compagnie\/#breadcrumb","itemListElement":[{"@type":"ListItem","position":1,"name":"Home","item":"https:\/\/fleetfix.ca\/francais\/"},{"@type":"ListItem","position":2,"name":"L\u2019entreprise"}]},{"@type":"WebSite","@id":"https:\/\/fleetfix.ca\/francais\/#website","url":"https:\/\/fleetfix.ca\/francais\/","name":"R\u00e9paration de camions et remorques Montr\u00e9al mobile, m\u00e9canique","description":"Pr\u00eat \u00e0 vous gardez roulemont !","publisher":{"@id":"https:\/\/fleetfix.ca\/francais\/#organization"},"potentialAction":[{"@type":"SearchAction","target":{"@type":"EntryPoint","urlTemplate":"https:\/\/fleetfix.ca\/francais\/?s={search_term_string}"},"query-input":{"@type":"PropertyValueSpecification","valueRequired":true,"valueName":"search_term_string"}}],"inLanguage":"fr-CA"},{"@type":"Organization","@id":"https:\/\/fleetfix.ca\/francais\/#organization","name":"FleetFIX Division de Greenmar","url":"https:\/\/fleetfix.ca\/francais\/","logo":{"@type":"ImageObject","inLanguage":"fr-CA","@id":"https:\/\/fleetfix.ca\/francais\/#\/schema\/logo\/image\/","url":"http:\/\/www.fleetfix.ca\/francais\/wp-content\/uploads\/2017\/11\/cropped-fleetfix-30years-logo.png","contentUrl":"http:\/\/www.fleetfix.ca\/francais\/wp-content\/uploads\/2017\/11\/cropped-fleetfix-30years-logo.png","width":414,"height":75,"caption":"FleetFIX Division de Greenmar"},"image":{"@id":"https:\/\/fleetfix.ca\/francais\/#\/schema\/logo\/image\/"},"sameAs":["https:\/\/www.facebook.com\/trucktrailerrepairshop\/"]}]}},"_links":{"self":[{"href":"https:\/\/fleetfix.ca\/francais\/wp-json\/wp\/v2\/pages\/32","targetHints":{"allow":["GET"]}}],"collection":[{"href":"https:\/\/fleetfix.ca\/francais\/wp-json\/wp\/v2\/pages"}],"about":[{"href":"https:\/\/fleetfix.ca\/francais\/wp-json\/wp\/v2\/types\/page"}],"author":[{"embeddable":true,"href":"https:\/\/fleetfix.ca\/francais\/wp-json\/wp\/v2\/users\/1"}],"replies":[{"embeddable":true,"href":"https:\/\/fleetfix.ca\/francais\/wp-json\/wp\/v2\/comments?post=32"}],"version-history":[{"count":11,"href":"https:\/\/fleetfix.ca\/francais\/wp-json\/wp\/v2\/pages\/32\/revisions"}],"predecessor-version":[{"id":345,"href":"https:\/\/fleetfix.ca\/francais\/wp-json\/wp\/v2\/pages\/32\/revisions\/345"}],"wp:attachment":[{"href":"https:\/\/fleetfix.ca\/francais\/wp-json\/wp\/v2\/media?parent=32"}],"curies":[{"name":"wp","href":"https:\/\/api.w.org\/{rel}","templated":true}]}}