{"id":34,"date":"2017-11-13T16:49:20","date_gmt":"2017-11-13T21:49:20","guid":{"rendered":"http:\/\/www.fleetfix.ca\/francais\/?page_id=34"},"modified":"2024-02-06T13:37:09","modified_gmt":"2024-02-06T18:37:09","slug":"contact-service-routier-mobile","status":"publish","type":"page","link":"https:\/\/fleetfix.ca\/francais\/contact-service-routier-mobile\/","title":{"rendered":"Contactez-nous"},"content":{"rendered":"\n<h2 class=\"wp-block-heading\">Horaires<\/h2>\n\n\n\n<p>07h00-15h30 du lundi au vendredi<\/p>\n\n\n<div class=\"post-entry\">\n<h2>Itin\u00e9raire par autoroute 40<\/h2>\n<ul>\n<li>Nous sommes situe tout \u00e0 cote de l\u2019autoroute 13,<\/li>\n<li>entre autoroute 20 et autoroute 40.<\/li>\n<li>De la 40 prendre l\u2019autoroute 13 sud;<\/li>\n<li>ensuite prendre sortie 2 [Louis Amos\/Hickmore];<\/li>\n<li>nous sommes la premi\u00e8re b\u00e2tisse \u00e0 votre gauche.<\/li>\n<\/ul>\n<h2>Itin\u00e9raire par autoroute 20<\/h2>\n<ul>\n<li>De la 20, prendre l\u2019autoroute 13 nord;<\/li>\n<li>prendre le premiere sortie [Louis Amos\/Hickmore];<\/li>\n<li>au feu de circulation, tournez \u00e0 gauche sur Hickmore,<\/li>\n<li>au feu de circulation suivant,<\/li>\n<li>tournez \u00e0 gauche sur Jean Baptiste Deschamps et puis au premi\u00e8re stop, tournez gauche sur Courval.<\/li>\n<li>Nous sommes la derni\u00e8re b\u00e2tisse au bout de la rue \u00e0 droite.<\/li>\n<\/ul>\n<h3>Par courrier:<\/h3>\n<p>FleetFIX: 1111 Courval, Lachine (Montr\u00e9al), Quebec, Canada H8T 3P4<\/p>\n<p><a href=\"mailto:admin@fleetfix.ca\">admin@fleetfix.ca<\/a><\/p>\n<p><span id=\"result_box\" class=\"\" lang=\"fr\"><span class=\"\">Consultez \u00e9galement les services mobiles ici pour plus d\u2019informations.<\/span><\/span><\/p>\n<p>Resources: <a href=\"http:\/\/www.quebec511.info\/en\/Diffusion\/EtatReseau\/Region.aspx\" target=\"_blank\" rel=\"nofollow noopener target= noreferrer\">Quebec 511 Road Network Conditions<\/a>, <a href=\"http:\/\/www.quebec511.info\/fr\/Carte\/Default.aspx\" target=\"_blank\" rel=\"noopener noreferrer\">Traffic Webcam Montreal Area<\/a><\/p>\n<h2><img loading=\"lazy\" decoding=\"async\" class=\"alignnone size-full wp-image-98\" src=\"http:\/\/www.fleetfix.ca\/francais\/wp-content\/uploads\/2017\/11\/main_pic_fr.jpg\" alt=\"maintenance reparation semi-remorque garage\" width=\"873\" height=\"337\" srcset=\"https:\/\/fleetfix.ca\/francais\/wp-content\/uploads\/2017\/11\/main_pic_fr.jpg 873w, https:\/\/fleetfix.ca\/francais\/wp-content\/uploads\/2017\/11\/main_pic_fr-300x116.jpg 300w, https:\/\/fleetfix.ca\/francais\/wp-content\/uploads\/2017\/11\/main_pic_fr-768x296.jpg 768w, https:\/\/fleetfix.ca\/francais\/wp-content\/uploads\/2017\/11\/main_pic_fr-100x39.jpg 100w, https:\/\/fleetfix.ca\/francais\/wp-content\/uploads\/2017\/11\/main_pic_fr-150x58.jpg 150w, https:\/\/fleetfix.ca\/francais\/wp-content\/uploads\/2017\/11\/main_pic_fr-200x77.jpg 200w, https:\/\/fleetfix.ca\/francais\/wp-content\/uploads\/2017\/11\/main_pic_fr-450x174.jpg 450w, https:\/\/fleetfix.ca\/francais\/wp-content\/uploads\/2017\/11\/main_pic_fr-600x232.jpg 600w\" sizes=\"auto, (max-width: 873px) 100vw, 873px\" \/><\/h2>\n<\/div>","protected":false},"excerpt":{"rendered":"<p>Horaires 07h00-15h30 du lundi au vendredi Itin\u00e9raire par autoroute 40 Nous sommes situe tout \u00e0 cote de l\u2019autoroute 13, entre autoroute 20 et autoroute 40. De la 40 prendre l\u2019autoroute 13 sud; ensuite prendre sortie 2 [Louis Amos\/Hickmore]; nous sommes &hellip;<\/p>\n<p class=\"read-more\"> <a class=\"more-link\" href=\"https:\/\/fleetfix.ca\/francais\/contact-service-routier-mobile\/\"> <span class=\"screen-reader-text\">Contactez-nous<\/span> En savoir plus &raquo;<\/a><\/p>\n","protected":false},"author":1,"featured_media":0,"parent":0,"menu_order":0,"comment_status":"closed","ping_status":"closed","template":"","meta":{"footnotes":""},"class_list":["post-34","page","type-page","status-publish","hentry"],"yoast_head":"<!-- This site is optimized with the Yoast SEO plugin v24.7 - https:\/\/yoast.com\/wordpress\/plugins\/seo\/ -->\n<title>Service routier mobile enti\u00e8rement \u00e9quip\u00e9es Montr\u00e9al<\/title>\n<meta name=\"description\" content=\"Montr\u00e9al garage de r\u00e9paration remorque avec service routier mobile urgence, r\u00e9paration de pneus et frigorifiques. R\u00e9paration de camions et remorques.\" \/>\n<meta name=\"robots\" content=\"index, follow, max-snippet:-1, max-image-preview:large, max-video-preview:-1\" \/>\n<link rel=\"canonical\" href=\"https:\/\/fleetfix.ca\/francais\/contact-service-routier-mobile\/\" \/>\n<meta property=\"og:locale\" content=\"fr_CA\" \/>\n<meta property=\"og:type\" content=\"article\" \/>\n<meta property=\"og:title\" content=\"Service routier mobile enti\u00e8rement \u00e9quip\u00e9es Montr\u00e9al\" \/>\n<meta property=\"og:description\" content=\"Montr\u00e9al garage de r\u00e9paration remorque avec service routier mobile urgence, r\u00e9paration de pneus et frigorifiques. R\u00e9paration de camions et remorques.\" \/>\n<meta property=\"og:url\" content=\"https:\/\/fleetfix.ca\/francais\/contact-service-routier-mobile\/\" \/>\n<meta property=\"og:site_name\" content=\"R\u00e9paration de camions et remorques Montr\u00e9al mobile, m\u00e9canique\" \/>\n<meta property=\"article:publisher\" content=\"https:\/\/www.facebook.com\/trucktrailerrepairshop\/\" \/>\n<meta property=\"article:modified_time\" content=\"2024-02-06T18:37:09+00:00\" \/>\n<meta property=\"og:image\" content=\"http:\/\/www.fleetfix.ca\/francais\/wp-content\/uploads\/2017\/11\/main_pic_fr.jpg\" \/>\n<meta name=\"twitter:card\" content=\"summary_large_image\" \/>\n<meta name=\"twitter:label1\" content=\"Estimation du temps de lecture\" \/>\n\t<meta name=\"twitter:data1\" content=\"1 minute\" \/>\n<script type=\"application\/ld+json\" class=\"yoast-schema-graph\">{\"@context\":\"https:\/\/schema.org\",\"@graph\":[{\"@type\":\"WebPage\",\"@id\":\"https:\/\/fleetfix.ca\/francais\/contact-service-routier-mobile\/\",\"url\":\"https:\/\/fleetfix.ca\/francais\/contact-service-routier-mobile\/\",\"name\":\"Service routier mobile enti\u00e8rement \u00e9quip\u00e9es Montr\u00e9al\",\"isPartOf\":{\"@id\":\"https:\/\/fleetfix.ca\/francais\/#website\"},\"primaryImageOfPage\":{\"@id\":\"https:\/\/fleetfix.ca\/francais\/contact-service-routier-mobile\/#primaryimage\"},\"image\":{\"@id\":\"https:\/\/fleetfix.ca\/francais\/contact-service-routier-mobile\/#primaryimage\"},\"thumbnailUrl\":\"http:\/\/www.fleetfix.ca\/francais\/wp-content\/uploads\/2017\/11\/main_pic_fr.jpg\",\"datePublished\":\"2017-11-13T21:49:20+00:00\",\"dateModified\":\"2024-02-06T18:37:09+00:00\",\"description\":\"Montr\u00e9al garage de r\u00e9paration remorque avec service routier mobile urgence, r\u00e9paration de pneus et frigorifiques. R\u00e9paration de camions et remorques.\",\"breadcrumb\":{\"@id\":\"https:\/\/fleetfix.ca\/francais\/contact-service-routier-mobile\/#breadcrumb\"},\"inLanguage\":\"fr-CA\",\"potentialAction\":[{\"@type\":\"ReadAction\",\"target\":[\"https:\/\/fleetfix.ca\/francais\/contact-service-routier-mobile\/\"]}]},{\"@type\":\"ImageObject\",\"inLanguage\":\"fr-CA\",\"@id\":\"https:\/\/fleetfix.ca\/francais\/contact-service-routier-mobile\/#primaryimage\",\"url\":\"http:\/\/www.fleetfix.ca\/francais\/wp-content\/uploads\/2017\/11\/main_pic_fr.jpg\",\"contentUrl\":\"http:\/\/www.fleetfix.ca\/francais\/wp-content\/uploads\/2017\/11\/main_pic_fr.jpg\"},{\"@type\":\"BreadcrumbList\",\"@id\":\"https:\/\/fleetfix.ca\/francais\/contact-service-routier-mobile\/#breadcrumb\",\"itemListElement\":[{\"@type\":\"ListItem\",\"position\":1,\"name\":\"Home\",\"item\":\"https:\/\/fleetfix.ca\/francais\/\"},{\"@type\":\"ListItem\",\"position\":2,\"name\":\"Contactez-nous\"}]},{\"@type\":\"WebSite\",\"@id\":\"https:\/\/fleetfix.ca\/francais\/#website\",\"url\":\"https:\/\/fleetfix.ca\/francais\/\",\"name\":\"R\u00e9paration de camions et remorques Montr\u00e9al mobile, m\u00e9canique\",\"description\":\"Pr\u00eat \u00e0 vous gardez roulemont !\",\"publisher\":{\"@id\":\"https:\/\/fleetfix.ca\/francais\/#organization\"},\"potentialAction\":[{\"@type\":\"SearchAction\",\"target\":{\"@type\":\"EntryPoint\",\"urlTemplate\":\"https:\/\/fleetfix.ca\/francais\/?s={search_term_string}\"},\"query-input\":{\"@type\":\"PropertyValueSpecification\",\"valueRequired\":true,\"valueName\":\"search_term_string\"}}],\"inLanguage\":\"fr-CA\"},{\"@type\":\"Organization\",\"@id\":\"https:\/\/fleetfix.ca\/francais\/#organization\",\"name\":\"FleetFIX Division de Greenmar\",\"url\":\"https:\/\/fleetfix.ca\/francais\/\",\"logo\":{\"@type\":\"ImageObject\",\"inLanguage\":\"fr-CA\",\"@id\":\"https:\/\/fleetfix.ca\/francais\/#\/schema\/logo\/image\/\",\"url\":\"http:\/\/www.fleetfix.ca\/francais\/wp-content\/uploads\/2017\/11\/cropped-fleetfix-30years-logo.png\",\"contentUrl\":\"http:\/\/www.fleetfix.ca\/francais\/wp-content\/uploads\/2017\/11\/cropped-fleetfix-30years-logo.png\",\"width\":414,\"height\":75,\"caption\":\"FleetFIX Division de Greenmar\"},\"image\":{\"@id\":\"https:\/\/fleetfix.ca\/francais\/#\/schema\/logo\/image\/\"},\"sameAs\":[\"https:\/\/www.facebook.com\/trucktrailerrepairshop\/\"]}]}<\/script>\n<!-- \/ Yoast SEO plugin. -->","yoast_head_json":{"title":"Service routier mobile enti\u00e8rement \u00e9quip\u00e9es Montr\u00e9al","description":"Montr\u00e9al garage de r\u00e9paration remorque avec service routier mobile urgence, r\u00e9paration de pneus et frigorifiques. R\u00e9paration de camions et remorques.","robots":{"index":"index","follow":"follow","max-snippet":"max-snippet:-1","max-image-preview":"max-image-preview:large","max-video-preview":"max-video-preview:-1"},"canonical":"https:\/\/fleetfix.ca\/francais\/contact-service-routier-mobile\/","og_locale":"fr_CA","og_type":"article","og_title":"Service routier mobile enti\u00e8rement \u00e9quip\u00e9es Montr\u00e9al","og_description":"Montr\u00e9al garage de r\u00e9paration remorque avec service routier mobile urgence, r\u00e9paration de pneus et frigorifiques. R\u00e9paration de camions et remorques.","og_url":"https:\/\/fleetfix.ca\/francais\/contact-service-routier-mobile\/","og_site_name":"R\u00e9paration de camions et remorques Montr\u00e9al mobile, m\u00e9canique","article_publisher":"https:\/\/www.facebook.com\/trucktrailerrepairshop\/","article_modified_time":"2024-02-06T18:37:09+00:00","og_image":[{"url":"http:\/\/www.fleetfix.ca\/francais\/wp-content\/uploads\/2017\/11\/main_pic_fr.jpg","type":"","width":"","height":""}],"twitter_card":"summary_large_image","twitter_misc":{"Estimation du temps de lecture":"1 minute"},"schema":{"@context":"https:\/\/schema.org","@graph":[{"@type":"WebPage","@id":"https:\/\/fleetfix.ca\/francais\/contact-service-routier-mobile\/","url":"https:\/\/fleetfix.ca\/francais\/contact-service-routier-mobile\/","name":"Service routier mobile enti\u00e8rement \u00e9quip\u00e9es Montr\u00e9al","isPartOf":{"@id":"https:\/\/fleetfix.ca\/francais\/#website"},"primaryImageOfPage":{"@id":"https:\/\/fleetfix.ca\/francais\/contact-service-routier-mobile\/#primaryimage"},"image":{"@id":"https:\/\/fleetfix.ca\/francais\/contact-service-routier-mobile\/#primaryimage"},"thumbnailUrl":"http:\/\/www.fleetfix.ca\/francais\/wp-content\/uploads\/2017\/11\/main_pic_fr.jpg","datePublished":"2017-11-13T21:49:20+00:00","dateModified":"2024-02-06T18:37:09+00:00","description":"Montr\u00e9al garage de r\u00e9paration remorque avec service routier mobile urgence, r\u00e9paration de pneus et frigorifiques. R\u00e9paration de camions et remorques.","breadcrumb":{"@id":"https:\/\/fleetfix.ca\/francais\/contact-service-routier-mobile\/#breadcrumb"},"inLanguage":"fr-CA","potentialAction":[{"@type":"ReadAction","target":["https:\/\/fleetfix.ca\/francais\/contact-service-routier-mobile\/"]}]},{"@type":"ImageObject","inLanguage":"fr-CA","@id":"https:\/\/fleetfix.ca\/francais\/contact-service-routier-mobile\/#primaryimage","url":"http:\/\/www.fleetfix.ca\/francais\/wp-content\/uploads\/2017\/11\/main_pic_fr.jpg","contentUrl":"http:\/\/www.fleetfix.ca\/francais\/wp-content\/uploads\/2017\/11\/main_pic_fr.jpg"},{"@type":"BreadcrumbList","@id":"https:\/\/fleetfix.ca\/francais\/contact-service-routier-mobile\/#breadcrumb","itemListElement":[{"@type":"ListItem","position":1,"name":"Home","item":"https:\/\/fleetfix.ca\/francais\/"},{"@type":"ListItem","position":2,"name":"Contactez-nous"}]},{"@type":"WebSite","@id":"https:\/\/fleetfix.ca\/francais\/#website","url":"https:\/\/fleetfix.ca\/francais\/","name":"R\u00e9paration de camions et remorques Montr\u00e9al mobile, m\u00e9canique","description":"Pr\u00eat \u00e0 vous gardez roulemont !","publisher":{"@id":"https:\/\/fleetfix.ca\/francais\/#organization"},"potentialAction":[{"@type":"SearchAction","target":{"@type":"EntryPoint","urlTemplate":"https:\/\/fleetfix.ca\/francais\/?s={search_term_string}"},"query-input":{"@type":"PropertyValueSpecification","valueRequired":true,"valueName":"search_term_string"}}],"inLanguage":"fr-CA"},{"@type":"Organization","@id":"https:\/\/fleetfix.ca\/francais\/#organization","name":"FleetFIX Division de Greenmar","url":"https:\/\/fleetfix.ca\/francais\/","logo":{"@type":"ImageObject","inLanguage":"fr-CA","@id":"https:\/\/fleetfix.ca\/francais\/#\/schema\/logo\/image\/","url":"http:\/\/www.fleetfix.ca\/francais\/wp-content\/uploads\/2017\/11\/cropped-fleetfix-30years-logo.png","contentUrl":"http:\/\/www.fleetfix.ca\/francais\/wp-content\/uploads\/2017\/11\/cropped-fleetfix-30years-logo.png","width":414,"height":75,"caption":"FleetFIX Division de Greenmar"},"image":{"@id":"https:\/\/fleetfix.ca\/francais\/#\/schema\/logo\/image\/"},"sameAs":["https:\/\/www.facebook.com\/trucktrailerrepairshop\/"]}]}},"_links":{"self":[{"href":"https:\/\/fleetfix.ca\/francais\/wp-json\/wp\/v2\/pages\/34","targetHints":{"allow":["GET"]}}],"collection":[{"href":"https:\/\/fleetfix.ca\/francais\/wp-json\/wp\/v2\/pages"}],"about":[{"href":"https:\/\/fleetfix.ca\/francais\/wp-json\/wp\/v2\/types\/page"}],"author":[{"embeddable":true,"href":"https:\/\/fleetfix.ca\/francais\/wp-json\/wp\/v2\/users\/1"}],"replies":[{"embeddable":true,"href":"https:\/\/fleetfix.ca\/francais\/wp-json\/wp\/v2\/comments?post=34"}],"version-history":[{"count":13,"href":"https:\/\/fleetfix.ca\/francais\/wp-json\/wp\/v2\/pages\/34\/revisions"}],"predecessor-version":[{"id":335,"href":"https:\/\/fleetfix.ca\/francais\/wp-json\/wp\/v2\/pages\/34\/revisions\/335"}],"wp:attachment":[{"href":"https:\/\/fleetfix.ca\/francais\/wp-json\/wp\/v2\/media?parent=34"}],"curies":[{"name":"wp","href":"https:\/\/api.w.org\/{rel}","templated":true}]}}