{"id":36,"date":"2017-11-13T16:50:29","date_gmt":"2017-11-13T21:50:29","guid":{"rendered":"http:\/\/www.fleetfix.ca\/francais\/?page_id=36"},"modified":"2024-01-24T13:29:20","modified_gmt":"2024-01-24T18:29:20","slug":"service-de-pneu-de-camions-et-remorques","status":"publish","type":"page","link":"https:\/\/fleetfix.ca\/francais\/service-de-pneu-de-camions-et-remorques\/","title":{"rendered":"Services de pneus"},"content":{"rendered":"<div class=\"post-entry\">\n<div class=\"content3Column gap\">\n<h2><img loading=\"lazy\" decoding=\"async\" class=\"alignnone size-full wp-image-167\" src=\"http:\/\/www.fleetfix.ca\/francais\/wp-content\/uploads\/2017\/12\/tires_main.jpg\" alt=\"Service de pneu de remorque de camion image\" width=\"873\" height=\"337\" srcset=\"https:\/\/fleetfix.ca\/francais\/wp-content\/uploads\/2017\/12\/tires_main.jpg 873w, https:\/\/fleetfix.ca\/francais\/wp-content\/uploads\/2017\/12\/tires_main-300x116.jpg 300w, https:\/\/fleetfix.ca\/francais\/wp-content\/uploads\/2017\/12\/tires_main-768x296.jpg 768w, https:\/\/fleetfix.ca\/francais\/wp-content\/uploads\/2017\/12\/tires_main-100x39.jpg 100w, https:\/\/fleetfix.ca\/francais\/wp-content\/uploads\/2017\/12\/tires_main-150x58.jpg 150w, https:\/\/fleetfix.ca\/francais\/wp-content\/uploads\/2017\/12\/tires_main-200x77.jpg 200w, https:\/\/fleetfix.ca\/francais\/wp-content\/uploads\/2017\/12\/tires_main-450x174.jpg 450w, https:\/\/fleetfix.ca\/francais\/wp-content\/uploads\/2017\/12\/tires_main-600x232.jpg 600w\" sizes=\"auto, (max-width: 873px) 100vw, 873px\" \/><\/h2>\n<h2>Service de pneus pour remorque, installateur certifi\u00e9 de roues de v\u00e9hicule commercial<\/h2>\n<ul>\n<li>Cl\u00e9s dynamom\u00e9triques recertifi\u00e9es aux exigences gouvernementales<\/li>\n<li>service mobile pour programmes d\u2019entretien pr\u00e9ventif dans la cour<\/li>\n<li>votre compte national pour l\u2019achat de pneus<\/li>\n<li>Nous fournissons la main-d\u2019\u0153uvre, vous fournissez la banque de pneus<\/li>\n<li>Nous tenons votre rapport d\u2019inventaire et d\u2019utilisation au besoin<\/li>\n<li>Nous fournissons des pneus neufs ou r\u00e9chapp\u00e9s<\/li>\n<li>Nous r\u00e9chappons vos pneus et les conservons pour une utilisation ult\u00e9rieure<\/li>\n<\/ul>\n<\/div>\n<\/div>\n","protected":false},"excerpt":{"rendered":"<p>Service de pneus pour remorque, installateur certifi\u00e9 de roues de v\u00e9hicule commercial Cl\u00e9s dynamom\u00e9triques recertifi\u00e9es aux exigences gouvernementales service mobile pour programmes d\u2019entretien pr\u00e9ventif dans la cour votre compte national pour l\u2019achat de pneus Nous fournissons la main-d\u2019\u0153uvre, vous fournissez &hellip;<\/p>\n<p class=\"read-more\"> <a class=\"more-link\" href=\"https:\/\/fleetfix.ca\/francais\/service-de-pneu-de-camions-et-remorques\/\"> <span class=\"screen-reader-text\">Services de pneus<\/span> En savoir plus &raquo;<\/a><\/p>\n","protected":false},"author":1,"featured_media":0,"parent":0,"menu_order":0,"comment_status":"closed","ping_status":"closed","template":"","meta":{"footnotes":""},"class_list":["post-36","page","type-page","status-publish","hentry"],"yoast_head":"<!-- This site is optimized with the Yoast SEO plugin v24.7 - https:\/\/yoast.com\/wordpress\/plugins\/seo\/ -->\n<title>Service de pneus pour remorque, installateur certifi\u00e9 de roue de v\u00e9hicule commercial<\/title>\n<meta name=\"description\" content=\"Cl\u00e9s dynamom\u00e9triques recertifi\u00e9es aux exigences gouvernementales DOT, service mobile pour programmes d\u2019entretien pr\u00e9ventif dans la cour. Service de pneus pour remorque.\" \/>\n<meta name=\"robots\" content=\"index, follow, max-snippet:-1, max-image-preview:large, max-video-preview:-1\" \/>\n<link rel=\"canonical\" href=\"https:\/\/fleetfix.ca\/francais\/service-de-pneu-de-camions-et-remorques\/\" \/>\n<meta property=\"og:locale\" content=\"fr_CA\" \/>\n<meta property=\"og:type\" content=\"article\" \/>\n<meta property=\"og:title\" content=\"Service de pneus pour remorque, installateur certifi\u00e9 de roue de v\u00e9hicule commercial\" \/>\n<meta property=\"og:description\" content=\"Cl\u00e9s dynamom\u00e9triques recertifi\u00e9es aux exigences gouvernementales DOT, service mobile pour programmes d\u2019entretien pr\u00e9ventif dans la cour. Service de pneus pour remorque.\" \/>\n<meta property=\"og:url\" content=\"https:\/\/fleetfix.ca\/francais\/service-de-pneu-de-camions-et-remorques\/\" \/>\n<meta property=\"og:site_name\" content=\"R\u00e9paration de camions et remorques Montr\u00e9al mobile, m\u00e9canique\" \/>\n<meta property=\"article:publisher\" content=\"https:\/\/www.facebook.com\/trucktrailerrepairshop\/\" \/>\n<meta property=\"article:modified_time\" content=\"2024-01-24T18:29:20+00:00\" \/>\n<meta property=\"og:image\" content=\"http:\/\/www.fleetfix.ca\/francais\/wp-content\/uploads\/2017\/12\/tires_main.jpg\" \/>\n<meta name=\"twitter:card\" content=\"summary_large_image\" \/>\n<script type=\"application\/ld+json\" class=\"yoast-schema-graph\">{\"@context\":\"https:\/\/schema.org\",\"@graph\":[{\"@type\":\"WebPage\",\"@id\":\"https:\/\/fleetfix.ca\/francais\/service-de-pneu-de-camions-et-remorques\/\",\"url\":\"https:\/\/fleetfix.ca\/francais\/service-de-pneu-de-camions-et-remorques\/\",\"name\":\"Service de pneus pour remorque, installateur certifi\u00e9 de roue de v\u00e9hicule commercial\",\"isPartOf\":{\"@id\":\"https:\/\/fleetfix.ca\/francais\/#website\"},\"primaryImageOfPage\":{\"@id\":\"https:\/\/fleetfix.ca\/francais\/service-de-pneu-de-camions-et-remorques\/#primaryimage\"},\"image\":{\"@id\":\"https:\/\/fleetfix.ca\/francais\/service-de-pneu-de-camions-et-remorques\/#primaryimage\"},\"thumbnailUrl\":\"http:\/\/www.fleetfix.ca\/francais\/wp-content\/uploads\/2017\/12\/tires_main.jpg\",\"datePublished\":\"2017-11-13T21:50:29+00:00\",\"dateModified\":\"2024-01-24T18:29:20+00:00\",\"description\":\"Cl\u00e9s dynamom\u00e9triques recertifi\u00e9es aux exigences gouvernementales DOT, service mobile pour programmes d\u2019entretien pr\u00e9ventif dans la cour. Service de pneus pour remorque.\",\"breadcrumb\":{\"@id\":\"https:\/\/fleetfix.ca\/francais\/service-de-pneu-de-camions-et-remorques\/#breadcrumb\"},\"inLanguage\":\"fr-CA\",\"potentialAction\":[{\"@type\":\"ReadAction\",\"target\":[\"https:\/\/fleetfix.ca\/francais\/service-de-pneu-de-camions-et-remorques\/\"]}]},{\"@type\":\"ImageObject\",\"inLanguage\":\"fr-CA\",\"@id\":\"https:\/\/fleetfix.ca\/francais\/service-de-pneu-de-camions-et-remorques\/#primaryimage\",\"url\":\"http:\/\/www.fleetfix.ca\/francais\/wp-content\/uploads\/2017\/12\/tires_main.jpg\",\"contentUrl\":\"http:\/\/www.fleetfix.ca\/francais\/wp-content\/uploads\/2017\/12\/tires_main.jpg\"},{\"@type\":\"BreadcrumbList\",\"@id\":\"https:\/\/fleetfix.ca\/francais\/service-de-pneu-de-camions-et-remorques\/#breadcrumb\",\"itemListElement\":[{\"@type\":\"ListItem\",\"position\":1,\"name\":\"Home\",\"item\":\"https:\/\/fleetfix.ca\/francais\/\"},{\"@type\":\"ListItem\",\"position\":2,\"name\":\"Services de pneus\"}]},{\"@type\":\"WebSite\",\"@id\":\"https:\/\/fleetfix.ca\/francais\/#website\",\"url\":\"https:\/\/fleetfix.ca\/francais\/\",\"name\":\"R\u00e9paration de camions et remorques Montr\u00e9al mobile, m\u00e9canique\",\"description\":\"Pr\u00eat \u00e0 vous gardez roulemont !\",\"publisher\":{\"@id\":\"https:\/\/fleetfix.ca\/francais\/#organization\"},\"potentialAction\":[{\"@type\":\"SearchAction\",\"target\":{\"@type\":\"EntryPoint\",\"urlTemplate\":\"https:\/\/fleetfix.ca\/francais\/?s={search_term_string}\"},\"query-input\":{\"@type\":\"PropertyValueSpecification\",\"valueRequired\":true,\"valueName\":\"search_term_string\"}}],\"inLanguage\":\"fr-CA\"},{\"@type\":\"Organization\",\"@id\":\"https:\/\/fleetfix.ca\/francais\/#organization\",\"name\":\"FleetFIX Division de Greenmar\",\"url\":\"https:\/\/fleetfix.ca\/francais\/\",\"logo\":{\"@type\":\"ImageObject\",\"inLanguage\":\"fr-CA\",\"@id\":\"https:\/\/fleetfix.ca\/francais\/#\/schema\/logo\/image\/\",\"url\":\"http:\/\/www.fleetfix.ca\/francais\/wp-content\/uploads\/2017\/11\/cropped-fleetfix-30years-logo.png\",\"contentUrl\":\"http:\/\/www.fleetfix.ca\/francais\/wp-content\/uploads\/2017\/11\/cropped-fleetfix-30years-logo.png\",\"width\":414,\"height\":75,\"caption\":\"FleetFIX Division de Greenmar\"},\"image\":{\"@id\":\"https:\/\/fleetfix.ca\/francais\/#\/schema\/logo\/image\/\"},\"sameAs\":[\"https:\/\/www.facebook.com\/trucktrailerrepairshop\/\"]}]}<\/script>\n<!-- \/ Yoast SEO plugin. -->","yoast_head_json":{"title":"Service de pneus pour remorque, installateur certifi\u00e9 de roue de v\u00e9hicule commercial","description":"Cl\u00e9s dynamom\u00e9triques recertifi\u00e9es aux exigences gouvernementales DOT, service mobile pour programmes d\u2019entretien pr\u00e9ventif dans la cour. Service de pneus pour remorque.","robots":{"index":"index","follow":"follow","max-snippet":"max-snippet:-1","max-image-preview":"max-image-preview:large","max-video-preview":"max-video-preview:-1"},"canonical":"https:\/\/fleetfix.ca\/francais\/service-de-pneu-de-camions-et-remorques\/","og_locale":"fr_CA","og_type":"article","og_title":"Service de pneus pour remorque, installateur certifi\u00e9 de roue de v\u00e9hicule commercial","og_description":"Cl\u00e9s dynamom\u00e9triques recertifi\u00e9es aux exigences gouvernementales DOT, service mobile pour programmes d\u2019entretien pr\u00e9ventif dans la cour. Service de pneus pour remorque.","og_url":"https:\/\/fleetfix.ca\/francais\/service-de-pneu-de-camions-et-remorques\/","og_site_name":"R\u00e9paration de camions et remorques Montr\u00e9al mobile, m\u00e9canique","article_publisher":"https:\/\/www.facebook.com\/trucktrailerrepairshop\/","article_modified_time":"2024-01-24T18:29:20+00:00","og_image":[{"url":"http:\/\/www.fleetfix.ca\/francais\/wp-content\/uploads\/2017\/12\/tires_main.jpg","type":"","width":"","height":""}],"twitter_card":"summary_large_image","schema":{"@context":"https:\/\/schema.org","@graph":[{"@type":"WebPage","@id":"https:\/\/fleetfix.ca\/francais\/service-de-pneu-de-camions-et-remorques\/","url":"https:\/\/fleetfix.ca\/francais\/service-de-pneu-de-camions-et-remorques\/","name":"Service de pneus pour remorque, installateur certifi\u00e9 de roue de v\u00e9hicule commercial","isPartOf":{"@id":"https:\/\/fleetfix.ca\/francais\/#website"},"primaryImageOfPage":{"@id":"https:\/\/fleetfix.ca\/francais\/service-de-pneu-de-camions-et-remorques\/#primaryimage"},"image":{"@id":"https:\/\/fleetfix.ca\/francais\/service-de-pneu-de-camions-et-remorques\/#primaryimage"},"thumbnailUrl":"http:\/\/www.fleetfix.ca\/francais\/wp-content\/uploads\/2017\/12\/tires_main.jpg","datePublished":"2017-11-13T21:50:29+00:00","dateModified":"2024-01-24T18:29:20+00:00","description":"Cl\u00e9s dynamom\u00e9triques recertifi\u00e9es aux exigences gouvernementales DOT, service mobile pour programmes d\u2019entretien pr\u00e9ventif dans la cour. Service de pneus pour remorque.","breadcrumb":{"@id":"https:\/\/fleetfix.ca\/francais\/service-de-pneu-de-camions-et-remorques\/#breadcrumb"},"inLanguage":"fr-CA","potentialAction":[{"@type":"ReadAction","target":["https:\/\/fleetfix.ca\/francais\/service-de-pneu-de-camions-et-remorques\/"]}]},{"@type":"ImageObject","inLanguage":"fr-CA","@id":"https:\/\/fleetfix.ca\/francais\/service-de-pneu-de-camions-et-remorques\/#primaryimage","url":"http:\/\/www.fleetfix.ca\/francais\/wp-content\/uploads\/2017\/12\/tires_main.jpg","contentUrl":"http:\/\/www.fleetfix.ca\/francais\/wp-content\/uploads\/2017\/12\/tires_main.jpg"},{"@type":"BreadcrumbList","@id":"https:\/\/fleetfix.ca\/francais\/service-de-pneu-de-camions-et-remorques\/#breadcrumb","itemListElement":[{"@type":"ListItem","position":1,"name":"Home","item":"https:\/\/fleetfix.ca\/francais\/"},{"@type":"ListItem","position":2,"name":"Services de pneus"}]},{"@type":"WebSite","@id":"https:\/\/fleetfix.ca\/francais\/#website","url":"https:\/\/fleetfix.ca\/francais\/","name":"R\u00e9paration de camions et remorques Montr\u00e9al mobile, m\u00e9canique","description":"Pr\u00eat \u00e0 vous gardez roulemont !","publisher":{"@id":"https:\/\/fleetfix.ca\/francais\/#organization"},"potentialAction":[{"@type":"SearchAction","target":{"@type":"EntryPoint","urlTemplate":"https:\/\/fleetfix.ca\/francais\/?s={search_term_string}"},"query-input":{"@type":"PropertyValueSpecification","valueRequired":true,"valueName":"search_term_string"}}],"inLanguage":"fr-CA"},{"@type":"Organization","@id":"https:\/\/fleetfix.ca\/francais\/#organization","name":"FleetFIX Division de Greenmar","url":"https:\/\/fleetfix.ca\/francais\/","logo":{"@type":"ImageObject","inLanguage":"fr-CA","@id":"https:\/\/fleetfix.ca\/francais\/#\/schema\/logo\/image\/","url":"http:\/\/www.fleetfix.ca\/francais\/wp-content\/uploads\/2017\/11\/cropped-fleetfix-30years-logo.png","contentUrl":"http:\/\/www.fleetfix.ca\/francais\/wp-content\/uploads\/2017\/11\/cropped-fleetfix-30years-logo.png","width":414,"height":75,"caption":"FleetFIX Division de Greenmar"},"image":{"@id":"https:\/\/fleetfix.ca\/francais\/#\/schema\/logo\/image\/"},"sameAs":["https:\/\/www.facebook.com\/trucktrailerrepairshop\/"]}]}},"_links":{"self":[{"href":"https:\/\/fleetfix.ca\/francais\/wp-json\/wp\/v2\/pages\/36","targetHints":{"allow":["GET"]}}],"collection":[{"href":"https:\/\/fleetfix.ca\/francais\/wp-json\/wp\/v2\/pages"}],"about":[{"href":"https:\/\/fleetfix.ca\/francais\/wp-json\/wp\/v2\/types\/page"}],"author":[{"embeddable":true,"href":"https:\/\/fleetfix.ca\/francais\/wp-json\/wp\/v2\/users\/1"}],"replies":[{"embeddable":true,"href":"https:\/\/fleetfix.ca\/francais\/wp-json\/wp\/v2\/comments?post=36"}],"version-history":[{"count":4,"href":"https:\/\/fleetfix.ca\/francais\/wp-json\/wp\/v2\/pages\/36\/revisions"}],"predecessor-version":[{"id":256,"href":"https:\/\/fleetfix.ca\/francais\/wp-json\/wp\/v2\/pages\/36\/revisions\/256"}],"wp:attachment":[{"href":"https:\/\/fleetfix.ca\/francais\/wp-json\/wp\/v2\/media?parent=36"}],"curies":[{"name":"wp","href":"https:\/\/api.w.org\/{rel}","templated":true}]}}