{"id":42,"date":"2017-11-13T16:52:11","date_gmt":"2017-11-13T21:52:11","guid":{"rendered":"http:\/\/www.fleetfix.ca\/francais\/?page_id=42"},"modified":"2024-01-29T11:00:29","modified_gmt":"2024-01-29T16:00:29","slug":"reparation-de-camions-et-remorques-daccident","status":"publish","type":"page","link":"https:\/\/fleetfix.ca\/francais\/reparation-de-camions-et-remorques-daccident\/","title":{"rendered":"Accidental"},"content":{"rendered":"<div class=\"content3Column gap\">\n<h1><strong><span id=\"result_box\" class=\"short_text\" lang=\"fr\"><span class=\"\">R\u00e9paration de camions et remorques d\u2019accident sur:<\/span><\/span><\/strong><\/h1>\n<p><strong><a href=\"http:\/\/www.trailmobile.com\/\" target=\"_blank\" rel=\"nofollow noopener noreferrer\">Trailmobile<\/a>, <a href=\"http:\/\/www.greatdanetrailers.com\/\" target=\"_blank\" rel=\"nofollow noopener noreferrer\">Great Dane<\/a>, <a href=\"http:\/\/www.vanguardtrailer.com\/\" target=\"_blank\" rel=\"nofollow noopener noreferrer\">Vanguard<\/a>, <a href=\"http:\/\/www.stricktrailers.com\/\" target=\"_blank\" rel=\"nofollow noopener noreferrer\">Strick<\/a>, <a href=\"http:\/\/www.wabash-trailers.com\/\" target=\"_blank\" rel=\"nofollow noopener noreferrer\">Wabash<\/a>, <a href=\"https:\/\/www.stoughtontrailers.com\/\" target=\"_blank\" rel=\"nofollow noopener noreferrer\">Stoughton<\/a>, <a href=\"https:\/\/www.manac.com\/en\/\" target=\"_blank\" rel=\"nofollow noopener noreferrer\">Manac<\/a>, <a href=\"https:\/\/www.hyundaitranslead.com\/\" target=\"_blank\" rel=\"nofollow noopener noreferrer\">Hyundai<\/a>, <a href=\"http:\/\/www.fruehauf.com\/\" target=\"_blank\" rel=\"nofollow noopener noreferrer\">Fruehauf<\/a>, <a href=\"http:\/\/actionqc.com\/\" target=\"_blank\" rel=\"nofollow noopener noreferrer\">Utility<\/a>, <a href=\"http:\/\/www.cheetahchassis.com\/\" target=\"_blank\" rel=\"nofollow noopener noreferrer\">Cheetah<\/a>, <a href=\"http:\/\/reitnouer-trailers.com\/\" target=\"_blank\" rel=\"nofollow noopener noreferrer\">Reitnouer<\/a>, <a href=\"http:\/\/www.mactrailer.com\/\" target=\"_blank\" rel=\"nofollow noopener noreferrer\">Mac<\/a>, <a href=\"http:\/\/www.stargatetrailers.ca\/\" target=\"_blank\" rel=\"nofollow noopener noreferrer\">Stargate<\/a><br \/>\n<\/strong><\/p>\n<p><img loading=\"lazy\" decoding=\"async\" class=\"alignnone size-full wp-image-184\" src=\"http:\/\/www.fleetfix.ca\/francais\/wp-content\/uploads\/2018\/07\/DSC05432-1-768x512.jpg\" alt=\"\" width=\"768\" height=\"512\" srcset=\"https:\/\/fleetfix.ca\/francais\/wp-content\/uploads\/2018\/07\/DSC05432-1-768x512.jpg 768w, https:\/\/fleetfix.ca\/francais\/wp-content\/uploads\/2018\/07\/DSC05432-1-768x512-300x200.jpg 300w, https:\/\/fleetfix.ca\/francais\/wp-content\/uploads\/2018\/07\/DSC05432-1-768x512-100x67.jpg 100w, https:\/\/fleetfix.ca\/francais\/wp-content\/uploads\/2018\/07\/DSC05432-1-768x512-150x100.jpg 150w, https:\/\/fleetfix.ca\/francais\/wp-content\/uploads\/2018\/07\/DSC05432-1-768x512-200x133.jpg 200w, https:\/\/fleetfix.ca\/francais\/wp-content\/uploads\/2018\/07\/DSC05432-1-768x512-450x300.jpg 450w, https:\/\/fleetfix.ca\/francais\/wp-content\/uploads\/2018\/07\/DSC05432-1-768x512-600x400.jpg 600w\" sizes=\"auto, (max-width: 768px) 100vw, 768px\" \/><\/p>\n<p><img loading=\"lazy\" decoding=\"async\" class=\"alignnone size-full wp-image-141\" src=\"http:\/\/www.fleetfix.ca\/francais\/wp-content\/uploads\/2017\/11\/accidents_1.png\" alt=\"reparation de camions et remorques d'accident example\" width=\"873\" height=\"216\" srcset=\"https:\/\/fleetfix.ca\/francais\/wp-content\/uploads\/2017\/11\/accidents_1.png 873w, https:\/\/fleetfix.ca\/francais\/wp-content\/uploads\/2017\/11\/accidents_1-300x74.png 300w, https:\/\/fleetfix.ca\/francais\/wp-content\/uploads\/2017\/11\/accidents_1-768x190.png 768w, https:\/\/fleetfix.ca\/francais\/wp-content\/uploads\/2017\/11\/accidents_1-100x25.png 100w, https:\/\/fleetfix.ca\/francais\/wp-content\/uploads\/2017\/11\/accidents_1-150x37.png 150w, https:\/\/fleetfix.ca\/francais\/wp-content\/uploads\/2017\/11\/accidents_1-200x49.png 200w, https:\/\/fleetfix.ca\/francais\/wp-content\/uploads\/2017\/11\/accidents_1-450x111.png 450w, https:\/\/fleetfix.ca\/francais\/wp-content\/uploads\/2017\/11\/accidents_1-600x148.png 600w\" sizes=\"auto, (max-width: 873px) 100vw, 873px\" \/><\/p>\n<\/div>\n<div class=\"content3Column gap\">\n<h2><img loading=\"lazy\" decoding=\"async\" class=\"alignnone size-full wp-image-142\" src=\"http:\/\/www.fleetfix.ca\/francais\/wp-content\/uploads\/2017\/11\/accidents_main_fr.png\" alt=\"reparation de camions et remorques d'accident\" width=\"873\" height=\"337\" srcset=\"https:\/\/fleetfix.ca\/francais\/wp-content\/uploads\/2017\/11\/accidents_main_fr.png 873w, https:\/\/fleetfix.ca\/francais\/wp-content\/uploads\/2017\/11\/accidents_main_fr-300x116.png 300w, https:\/\/fleetfix.ca\/francais\/wp-content\/uploads\/2017\/11\/accidents_main_fr-768x296.png 768w, https:\/\/fleetfix.ca\/francais\/wp-content\/uploads\/2017\/11\/accidents_main_fr-100x39.png 100w, https:\/\/fleetfix.ca\/francais\/wp-content\/uploads\/2017\/11\/accidents_main_fr-150x58.png 150w, https:\/\/fleetfix.ca\/francais\/wp-content\/uploads\/2017\/11\/accidents_main_fr-200x77.png 200w, https:\/\/fleetfix.ca\/francais\/wp-content\/uploads\/2017\/11\/accidents_main_fr-450x174.png 450w, https:\/\/fleetfix.ca\/francais\/wp-content\/uploads\/2017\/11\/accidents_main_fr-600x232.png 600w\" sizes=\"auto, (max-width: 873px) 100vw, 873px\" \/><\/h2>\n<h1>Nous fixons tous!<\/h1>\n<h2><span class=\"tlid-translation translation\" lang=\"fr\"><span class=\"\" title=\"\">R\u00e9paration de remorques de camions<br \/>\n<\/span><\/span><\/h2>\n<h2>Carrosserie<\/h2>\n<p>FleetFIX poss\u00e8de de l\u2019exp\u00e9rience avec toutes les marques et tous les mod\u00e8les de remorques. Nous pouvons nous charger de toutes les r\u00e9parations d\u2019accident de remorques, des modifications personnalis\u00e9es ou de l\u2019entretien. Nos services de remorquage vous m\u00e8neront \u00e0 notre centre de service sans d\u00e9lai.<\/p>\n<p>Que ce soit pour l\u2019entretien de remorque, la r\u00e9paration de corrosion, la r\u00e9paration de carrosserie ou de remorque, refaire la finition, des modifications personnalis\u00e9es ou la fabrication, l\u2019enl\u00e8vement ou la pose d\u2019autocollants, nous sommes l\u00e0. En choisissant notre atelier de carrosserie, tout notre travail est de premi\u00e8re qualit\u00e9, garanti et vous pouvez vous attendre \u00e0 un travail rapide et efficient pour reprendre la route et rentabiliser votre \u00e9quipement.<\/p>\n<p>Ouvert du lundi au vendredi, notre atelier de carrosserie est situ\u00e9 dans nos installations de Lachine. N\u2019h\u00e9sitez pas \u00e0 <a href=\"http:\/\/www.fleetfix.ca\/francais\/contact-service-routier-mobile\/\">contacter<\/a> un de nos sp\u00e9cialistes pour une estimation gratuite.<\/p>\n<\/div>\n","protected":false},"excerpt":{"rendered":"<p>R\u00e9paration de camions et remorques d\u2019accident sur: Trailmobile, Great Dane, Vanguard, Strick, Wabash, Stoughton, Manac, Hyundai, Fruehauf, Utility, Cheetah, Reitnouer, Mac, Stargate Nous fixons tous! R\u00e9paration de remorques de camions Carrosserie FleetFIX poss\u00e8de de l\u2019exp\u00e9rience avec toutes les marques et &hellip;<\/p>\n<p class=\"read-more\"> <a class=\"more-link\" href=\"https:\/\/fleetfix.ca\/francais\/reparation-de-camions-et-remorques-daccident\/\"> <span class=\"screen-reader-text\">Accidental<\/span> En savoir plus &raquo;<\/a><\/p>\n","protected":false},"author":1,"featured_media":0,"parent":0,"menu_order":0,"comment_status":"closed","ping_status":"closed","template":"","meta":{"footnotes":""},"class_list":["post-42","page","type-page","status-publish","hentry"],"yoast_head":"<!-- This site is optimized with the Yoast SEO plugin v24.7 - https:\/\/yoast.com\/wordpress\/plugins\/seo\/ -->\n<title>R\u00e9parations d\u2019accidents de remorque \u2013 R\u00e9fection compl\u00e8te de l\u2019ext\u00e9rieur \u2013 R\u00e9paration du ch\u00e2ssis<\/title>\n<meta name=\"description\" content=\"R\u00e9fection de l\u2019ext\u00e9rieur : R\u00e9paration d\u2019accidents de remorques, de remorque ferm\u00e9e, isolation, panneaux, poteaux, gaufrage, FRP, toits en fibre de verre ou aluminium. R\u00e9paration de ch\u00e2ssis : R\u00e9parations avec assurances, soudure\" \/>\n<meta name=\"robots\" content=\"index, follow, max-snippet:-1, max-image-preview:large, max-video-preview:-1\" \/>\n<link rel=\"canonical\" href=\"https:\/\/fleetfix.ca\/francais\/reparation-de-camions-et-remorques-daccident\/\" \/>\n<meta property=\"og:locale\" content=\"fr_CA\" \/>\n<meta property=\"og:type\" content=\"article\" \/>\n<meta property=\"og:title\" content=\"R\u00e9parations d\u2019accidents de remorque \u2013 R\u00e9fection compl\u00e8te de l\u2019ext\u00e9rieur \u2013 R\u00e9paration du ch\u00e2ssis\" \/>\n<meta property=\"og:description\" content=\"R\u00e9fection de l\u2019ext\u00e9rieur : R\u00e9paration d\u2019accidents de remorques, de remorque ferm\u00e9e, isolation, panneaux, poteaux, gaufrage, FRP, toits en fibre de verre ou aluminium. R\u00e9paration de ch\u00e2ssis : R\u00e9parations avec assurances, soudure\" \/>\n<meta property=\"og:url\" content=\"https:\/\/fleetfix.ca\/francais\/reparation-de-camions-et-remorques-daccident\/\" \/>\n<meta property=\"og:site_name\" content=\"R\u00e9paration de camions et remorques Montr\u00e9al mobile, m\u00e9canique\" \/>\n<meta property=\"article:publisher\" content=\"https:\/\/www.facebook.com\/trucktrailerrepairshop\/\" \/>\n<meta property=\"article:modified_time\" content=\"2024-01-29T16:00:29+00:00\" \/>\n<meta property=\"og:image\" content=\"http:\/\/www.fleetfix.ca\/francais\/wp-content\/uploads\/2018\/07\/DSC05432-1-768x512.jpg\" \/>\n<meta name=\"twitter:card\" content=\"summary_large_image\" \/>\n<meta name=\"twitter:label1\" content=\"Estimation du temps de lecture\" \/>\n\t<meta name=\"twitter:data1\" content=\"2 minutes\" \/>\n<script type=\"application\/ld+json\" class=\"yoast-schema-graph\">{\"@context\":\"https:\/\/schema.org\",\"@graph\":[{\"@type\":\"WebPage\",\"@id\":\"https:\/\/fleetfix.ca\/francais\/reparation-de-camions-et-remorques-daccident\/\",\"url\":\"https:\/\/fleetfix.ca\/francais\/reparation-de-camions-et-remorques-daccident\/\",\"name\":\"R\u00e9parations d\u2019accidents de remorque \u2013 R\u00e9fection compl\u00e8te de l\u2019ext\u00e9rieur \u2013 R\u00e9paration du ch\u00e2ssis\",\"isPartOf\":{\"@id\":\"https:\/\/fleetfix.ca\/francais\/#website\"},\"primaryImageOfPage\":{\"@id\":\"https:\/\/fleetfix.ca\/francais\/reparation-de-camions-et-remorques-daccident\/#primaryimage\"},\"image\":{\"@id\":\"https:\/\/fleetfix.ca\/francais\/reparation-de-camions-et-remorques-daccident\/#primaryimage\"},\"thumbnailUrl\":\"http:\/\/www.fleetfix.ca\/francais\/wp-content\/uploads\/2018\/07\/DSC05432-1-768x512.jpg\",\"datePublished\":\"2017-11-13T21:52:11+00:00\",\"dateModified\":\"2024-01-29T16:00:29+00:00\",\"description\":\"R\u00e9fection de l\u2019ext\u00e9rieur : R\u00e9paration d\u2019accidents de remorques, de remorque ferm\u00e9e, isolation, panneaux, poteaux, gaufrage, FRP, toits en fibre de verre ou aluminium. R\u00e9paration de ch\u00e2ssis : R\u00e9parations avec assurances, soudure\",\"breadcrumb\":{\"@id\":\"https:\/\/fleetfix.ca\/francais\/reparation-de-camions-et-remorques-daccident\/#breadcrumb\"},\"inLanguage\":\"fr-CA\",\"potentialAction\":[{\"@type\":\"ReadAction\",\"target\":[\"https:\/\/fleetfix.ca\/francais\/reparation-de-camions-et-remorques-daccident\/\"]}]},{\"@type\":\"ImageObject\",\"inLanguage\":\"fr-CA\",\"@id\":\"https:\/\/fleetfix.ca\/francais\/reparation-de-camions-et-remorques-daccident\/#primaryimage\",\"url\":\"http:\/\/www.fleetfix.ca\/francais\/wp-content\/uploads\/2018\/07\/DSC05432-1-768x512.jpg\",\"contentUrl\":\"http:\/\/www.fleetfix.ca\/francais\/wp-content\/uploads\/2018\/07\/DSC05432-1-768x512.jpg\"},{\"@type\":\"BreadcrumbList\",\"@id\":\"https:\/\/fleetfix.ca\/francais\/reparation-de-camions-et-remorques-daccident\/#breadcrumb\",\"itemListElement\":[{\"@type\":\"ListItem\",\"position\":1,\"name\":\"Home\",\"item\":\"https:\/\/fleetfix.ca\/francais\/\"},{\"@type\":\"ListItem\",\"position\":2,\"name\":\"Accidental\"}]},{\"@type\":\"WebSite\",\"@id\":\"https:\/\/fleetfix.ca\/francais\/#website\",\"url\":\"https:\/\/fleetfix.ca\/francais\/\",\"name\":\"R\u00e9paration de camions et remorques Montr\u00e9al mobile, m\u00e9canique\",\"description\":\"Pr\u00eat \u00e0 vous gardez roulemont !\",\"publisher\":{\"@id\":\"https:\/\/fleetfix.ca\/francais\/#organization\"},\"potentialAction\":[{\"@type\":\"SearchAction\",\"target\":{\"@type\":\"EntryPoint\",\"urlTemplate\":\"https:\/\/fleetfix.ca\/francais\/?s={search_term_string}\"},\"query-input\":{\"@type\":\"PropertyValueSpecification\",\"valueRequired\":true,\"valueName\":\"search_term_string\"}}],\"inLanguage\":\"fr-CA\"},{\"@type\":\"Organization\",\"@id\":\"https:\/\/fleetfix.ca\/francais\/#organization\",\"name\":\"FleetFIX Division de Greenmar\",\"url\":\"https:\/\/fleetfix.ca\/francais\/\",\"logo\":{\"@type\":\"ImageObject\",\"inLanguage\":\"fr-CA\",\"@id\":\"https:\/\/fleetfix.ca\/francais\/#\/schema\/logo\/image\/\",\"url\":\"http:\/\/www.fleetfix.ca\/francais\/wp-content\/uploads\/2017\/11\/cropped-fleetfix-30years-logo.png\",\"contentUrl\":\"http:\/\/www.fleetfix.ca\/francais\/wp-content\/uploads\/2017\/11\/cropped-fleetfix-30years-logo.png\",\"width\":414,\"height\":75,\"caption\":\"FleetFIX Division de Greenmar\"},\"image\":{\"@id\":\"https:\/\/fleetfix.ca\/francais\/#\/schema\/logo\/image\/\"},\"sameAs\":[\"https:\/\/www.facebook.com\/trucktrailerrepairshop\/\"]}]}<\/script>\n<!-- \/ Yoast SEO plugin. -->","yoast_head_json":{"title":"R\u00e9parations d\u2019accidents de remorque \u2013 R\u00e9fection compl\u00e8te de l\u2019ext\u00e9rieur \u2013 R\u00e9paration du ch\u00e2ssis","description":"R\u00e9fection de l\u2019ext\u00e9rieur : R\u00e9paration d\u2019accidents de remorques, de remorque ferm\u00e9e, isolation, panneaux, poteaux, gaufrage, FRP, toits en fibre de verre ou aluminium. R\u00e9paration de ch\u00e2ssis : R\u00e9parations avec assurances, soudure","robots":{"index":"index","follow":"follow","max-snippet":"max-snippet:-1","max-image-preview":"max-image-preview:large","max-video-preview":"max-video-preview:-1"},"canonical":"https:\/\/fleetfix.ca\/francais\/reparation-de-camions-et-remorques-daccident\/","og_locale":"fr_CA","og_type":"article","og_title":"R\u00e9parations d\u2019accidents de remorque \u2013 R\u00e9fection compl\u00e8te de l\u2019ext\u00e9rieur \u2013 R\u00e9paration du ch\u00e2ssis","og_description":"R\u00e9fection de l\u2019ext\u00e9rieur : R\u00e9paration d\u2019accidents de remorques, de remorque ferm\u00e9e, isolation, panneaux, poteaux, gaufrage, FRP, toits en fibre de verre ou aluminium. R\u00e9paration de ch\u00e2ssis : R\u00e9parations avec assurances, soudure","og_url":"https:\/\/fleetfix.ca\/francais\/reparation-de-camions-et-remorques-daccident\/","og_site_name":"R\u00e9paration de camions et remorques Montr\u00e9al mobile, m\u00e9canique","article_publisher":"https:\/\/www.facebook.com\/trucktrailerrepairshop\/","article_modified_time":"2024-01-29T16:00:29+00:00","og_image":[{"url":"http:\/\/www.fleetfix.ca\/francais\/wp-content\/uploads\/2018\/07\/DSC05432-1-768x512.jpg","type":"","width":"","height":""}],"twitter_card":"summary_large_image","twitter_misc":{"Estimation du temps de lecture":"2 minutes"},"schema":{"@context":"https:\/\/schema.org","@graph":[{"@type":"WebPage","@id":"https:\/\/fleetfix.ca\/francais\/reparation-de-camions-et-remorques-daccident\/","url":"https:\/\/fleetfix.ca\/francais\/reparation-de-camions-et-remorques-daccident\/","name":"R\u00e9parations d\u2019accidents de remorque \u2013 R\u00e9fection compl\u00e8te de l\u2019ext\u00e9rieur \u2013 R\u00e9paration du ch\u00e2ssis","isPartOf":{"@id":"https:\/\/fleetfix.ca\/francais\/#website"},"primaryImageOfPage":{"@id":"https:\/\/fleetfix.ca\/francais\/reparation-de-camions-et-remorques-daccident\/#primaryimage"},"image":{"@id":"https:\/\/fleetfix.ca\/francais\/reparation-de-camions-et-remorques-daccident\/#primaryimage"},"thumbnailUrl":"http:\/\/www.fleetfix.ca\/francais\/wp-content\/uploads\/2018\/07\/DSC05432-1-768x512.jpg","datePublished":"2017-11-13T21:52:11+00:00","dateModified":"2024-01-29T16:00:29+00:00","description":"R\u00e9fection de l\u2019ext\u00e9rieur : R\u00e9paration d\u2019accidents de remorques, de remorque ferm\u00e9e, isolation, panneaux, poteaux, gaufrage, FRP, toits en fibre de verre ou aluminium. R\u00e9paration de ch\u00e2ssis : R\u00e9parations avec assurances, soudure","breadcrumb":{"@id":"https:\/\/fleetfix.ca\/francais\/reparation-de-camions-et-remorques-daccident\/#breadcrumb"},"inLanguage":"fr-CA","potentialAction":[{"@type":"ReadAction","target":["https:\/\/fleetfix.ca\/francais\/reparation-de-camions-et-remorques-daccident\/"]}]},{"@type":"ImageObject","inLanguage":"fr-CA","@id":"https:\/\/fleetfix.ca\/francais\/reparation-de-camions-et-remorques-daccident\/#primaryimage","url":"http:\/\/www.fleetfix.ca\/francais\/wp-content\/uploads\/2018\/07\/DSC05432-1-768x512.jpg","contentUrl":"http:\/\/www.fleetfix.ca\/francais\/wp-content\/uploads\/2018\/07\/DSC05432-1-768x512.jpg"},{"@type":"BreadcrumbList","@id":"https:\/\/fleetfix.ca\/francais\/reparation-de-camions-et-remorques-daccident\/#breadcrumb","itemListElement":[{"@type":"ListItem","position":1,"name":"Home","item":"https:\/\/fleetfix.ca\/francais\/"},{"@type":"ListItem","position":2,"name":"Accidental"}]},{"@type":"WebSite","@id":"https:\/\/fleetfix.ca\/francais\/#website","url":"https:\/\/fleetfix.ca\/francais\/","name":"R\u00e9paration de camions et remorques Montr\u00e9al mobile, m\u00e9canique","description":"Pr\u00eat \u00e0 vous gardez roulemont !","publisher":{"@id":"https:\/\/fleetfix.ca\/francais\/#organization"},"potentialAction":[{"@type":"SearchAction","target":{"@type":"EntryPoint","urlTemplate":"https:\/\/fleetfix.ca\/francais\/?s={search_term_string}"},"query-input":{"@type":"PropertyValueSpecification","valueRequired":true,"valueName":"search_term_string"}}],"inLanguage":"fr-CA"},{"@type":"Organization","@id":"https:\/\/fleetfix.ca\/francais\/#organization","name":"FleetFIX Division de Greenmar","url":"https:\/\/fleetfix.ca\/francais\/","logo":{"@type":"ImageObject","inLanguage":"fr-CA","@id":"https:\/\/fleetfix.ca\/francais\/#\/schema\/logo\/image\/","url":"http:\/\/www.fleetfix.ca\/francais\/wp-content\/uploads\/2017\/11\/cropped-fleetfix-30years-logo.png","contentUrl":"http:\/\/www.fleetfix.ca\/francais\/wp-content\/uploads\/2017\/11\/cropped-fleetfix-30years-logo.png","width":414,"height":75,"caption":"FleetFIX Division de Greenmar"},"image":{"@id":"https:\/\/fleetfix.ca\/francais\/#\/schema\/logo\/image\/"},"sameAs":["https:\/\/www.facebook.com\/trucktrailerrepairshop\/"]}]}},"_links":{"self":[{"href":"https:\/\/fleetfix.ca\/francais\/wp-json\/wp\/v2\/pages\/42","targetHints":{"allow":["GET"]}}],"collection":[{"href":"https:\/\/fleetfix.ca\/francais\/wp-json\/wp\/v2\/pages"}],"about":[{"href":"https:\/\/fleetfix.ca\/francais\/wp-json\/wp\/v2\/types\/page"}],"author":[{"embeddable":true,"href":"https:\/\/fleetfix.ca\/francais\/wp-json\/wp\/v2\/users\/1"}],"replies":[{"embeddable":true,"href":"https:\/\/fleetfix.ca\/francais\/wp-json\/wp\/v2\/comments?post=42"}],"version-history":[{"count":13,"href":"https:\/\/fleetfix.ca\/francais\/wp-json\/wp\/v2\/pages\/42\/revisions"}],"predecessor-version":[{"id":324,"href":"https:\/\/fleetfix.ca\/francais\/wp-json\/wp\/v2\/pages\/42\/revisions\/324"}],"wp:attachment":[{"href":"https:\/\/fleetfix.ca\/francais\/wp-json\/wp\/v2\/media?parent=42"}],"curies":[{"name":"wp","href":"https:\/\/api.w.org\/{rel}","templated":true}]}}